{"id":285682,"date":"2025-11-26T10:21:24","date_gmt":"2025-11-26T01:21:24","guid":{"rendered":"https:\/\/casscale.net\/?post_type=product&#038;p=285682"},"modified":"2026-03-18T11:38:43","modified_gmt":"2026-03-18T02:38:43","slug":"aep-transducers-cls-static-dynamic-compression-load-cell","status":"publish","type":"product","link":"https:\/\/casscale.net\/en\/product\/sample-product\/aep-transducers-cls-static-dynamic-compression-load-cell\/","title":{"rendered":"AEP transducers \/ CLS \/ static\/dynamic Compression Load Cell"},"content":{"rendered":"<h4><span class=\"hps\">Load cell<\/span>\u00a0<span class=\"hps\">for the measurement of<\/span>\u00a0<span class=\"hps\">static and dynamic loads<\/span>\u00a0<span class=\"hps\">in\u00a0<strong>COMPRESSION<\/strong><\/span><\/h4>\n<p><span id=\"result_box\" lang=\"en\"><span class=\"hps\">dynamic loads<\/span>\u00a0<span class=\"hps\">in\u00a0<strong>COMPRESSION<\/strong><\/span>.<\/span><br \/>\nNominal Load from\u00a0<strong>30t<\/strong>\u00a0to\u00a0<strong>500t<\/strong><br \/>\nClass (OIML R60) C1 and C2<br \/>\nCombined Error: 0,023%<br \/>\nOutput: 2mV\/V<\/p>\n<p><strong> Dimensions [mm]<\/strong><\/p>\n<p><img fetchpriority=\"high\" decoding=\"async\" class=\"alignnone size-full wp-image-285685\" src=\"https:\/\/casscale.net\/wp-content\/uploads\/2025\/11\/CLS_1.png\" alt=\"\" width=\"1460\" height=\"634\" srcset=\"https:\/\/casscale.net\/wp-content\/uploads\/2025\/11\/CLS_1.png 1460w, https:\/\/casscale.net\/wp-content\/uploads\/2025\/11\/CLS_1-800x347.png 800w, https:\/\/casscale.net\/wp-content\/uploads\/2025\/11\/CLS_1-1400x608.png 1400w, https:\/\/casscale.net\/wp-content\/uploads\/2025\/11\/CLS_1-768x334.png 768w, https:\/\/casscale.net\/wp-content\/uploads\/2025\/11\/CLS_1-600x261.png 600w, https:\/\/casscale.net\/wp-content\/uploads\/2025\/11\/CLS_1-64x28.png 64w\" sizes=\"(max-width: 1460px) 100vw, 1460px\" \/><\/p>\n<table>\n<thead>\n<tr>\n<th>LOAD<\/th>\n<th>\u00d8A<\/th>\n<th>\u00d8B<\/th>\n<th>\u00d8C<\/th>\n<th>D<\/th>\n<th>E<\/th>\n<th>F<\/th>\n<th>\u00d8G<\/th>\n<th>H<\/th>\n<th>L<\/th>\n<th>M<\/th>\n<th>\u00d8N<\/th>\n<th>P<\/th>\n<th>R<\/th>\n<th>T<\/th>\n<th>Z<\/th>\n<\/tr>\n<\/thead>\n<tbody>\n<tr>\n<td>30 t<\/td>\n<td>102<\/td>\n<td>94<\/td>\n<td>76<\/td>\n<td>15<\/td>\n<td>15<\/td>\n<td>70<\/td>\n<td>102<\/td>\n<td>165<\/td>\n<td>65<\/td>\n<td>M8<\/td>\n<td>79<\/td>\n<td>12<\/td>\n<td>200<\/td>\n<td>\/<\/td>\n<td>16<\/td>\n<\/tr>\n<tr>\n<td>60 t<\/td>\n<td>129<\/td>\n<td>122<\/td>\n<td>106<\/td>\n<td>20<\/td>\n<td>14<\/td>\n<td>90<\/td>\n<td>129<\/td>\n<td>215<\/td>\n<td>80<\/td>\n<td>M12<\/td>\n<td>109<\/td>\n<td>17<\/td>\n<td>350<\/td>\n<td>\/<\/td>\n<td>18<\/td>\n<\/tr>\n<tr>\n<td>100 t<\/td>\n<td>168<\/td>\n<td>160<\/td>\n<td>140<\/td>\n<td>35<\/td>\n<td>35<\/td>\n<td>130<\/td>\n<td>168<\/td>\n<td>250<\/td>\n<td>100<\/td>\n<td>M16<\/td>\n<td>143<\/td>\n<td>21<\/td>\n<td>500<\/td>\n<td>M8<\/td>\n<td>20<\/td>\n<\/tr>\n<\/tbody>\n<\/table>\n<p><strong>Technical Data<\/strong><\/p>\n<table>\n<tbody>\n<tr>\n<td><em>ACCURACY CLASS: <strong>OIML R60<\/strong><\/em><\/td>\n<td><strong>C1<\/strong><\/td>\n<td colspan=\"2\"><strong>C2<\/strong><\/td>\n<\/tr>\n<tr>\n<td><em>LEGAL DIVISIONS<\/em><\/td>\n<td>1000<\/td>\n<td colspan=\"2\">2000<\/td>\n<\/tr>\n<tr>\n<td><em>NOMINAL LOAD (E<\/em><em>max<\/em><em>)<\/em><\/td>\n<td colspan=\"3\">30, 60, 100, 200, 300, 500 t<\/td>\n<\/tr>\n<tr>\n<td><em>MIN. VERIFICATION INTERVAL (V<\/em><em>min<\/em><em>)<\/em><\/td>\n<td colspan=\"3\">Emax \/ 10000<\/td>\n<\/tr>\n<tr>\n<td><em>COMBINED ERROR<\/em><\/td>\n<td>\u2264 \u00b10.045%<\/td>\n<td colspan=\"2\">\u2264 \u00b10.023%<\/td>\n<\/tr>\n<tr>\n<td><em>NON-REPEATABILITY<\/em><\/td>\n<td>\u2264 \u00b10.015%<\/td>\n<td colspan=\"2\">\u2264 \u00b10.010%<\/td>\n<\/tr>\n<tr>\n<td><em>ZERO RETURN over 30 min.<\/em><\/td>\n<td>\u2264 \u00b10.036%<\/td>\n<td colspan=\"2\">\u2264 \u00b10.026%<\/td>\n<\/tr>\n<tr>\n<td><em>CREEP at nominal load:<\/em><\/td>\n<td><\/td>\n<td colspan=\"2\"><\/td>\n<\/tr>\n<tr>\n<td><em>a) over 30 min.<\/em><\/td>\n<td>\u2264 \u00b10.035%<\/td>\n<td colspan=\"2\">\u2264 \u00b10.028%<\/td>\n<\/tr>\n<tr>\n<td><em>b) over 20 and 30 min.<\/em><\/td>\n<td>\u2264 \u00b10.010%<\/td>\n<td colspan=\"2\">\u2264 \u00b10.008%<\/td>\n<\/tr>\n<tr>\n<td><em>TEMPERATURE EFFECT (10 \u00b0C)<\/em><\/td>\n<td rowspan=\"2\">\u2264 \u00b10.030%<br \/>\n\u2264 \u00b10.030%<\/td>\n<td colspan=\"2\" rowspan=\"2\">\u2264 \u00b10.024%<br \/>\n\u2264 \u00b10.017%<\/td>\n<\/tr>\n<tr>\n<td><em>a) <\/em><em>on zero<\/em><br \/>\n<em>b) <\/em><em>on sensitivity<\/em><\/td>\n<\/tr>\n<tr>\n<td>NOMINAL SENSITIVITY CALIBRATION TOLERANCE<\/td>\n<td colspan=\"3\">2mV\/V<br \/>\n\u2264 \u00b10.1%<\/td>\n<\/tr>\n<tr>\n<td><em>NOMINAL LOAD<\/em><\/td>\n<td colspan=\"3\"><strong>30, 60, 100t<\/strong><\/td>\n<\/tr>\n<tr>\n<td>Input resistance<\/td>\n<td colspan=\"3\">700 \u00b1 2W<\/td>\n<\/tr>\n<tr>\n<td>Output resistance<\/td>\n<td colspan=\"3\">700 \u00b1 2W<\/td>\n<\/tr>\n<tr>\n<td><em>NOMINAL LOAD<\/em><\/td>\n<td colspan=\"3\"><strong>200, 300, 500t<\/strong><\/td>\n<\/tr>\n<tr>\n<td>Input resistance<\/td>\n<td colspan=\"3\">350 \u00b1 2W<\/td>\n<\/tr>\n<tr>\n<td>Output resistance<\/td>\n<td colspan=\"3\">350 \u00b1 2W<\/td>\n<\/tr>\n<tr>\n<td>INSULATION RESISTANCE ZERO BALANCE<\/td>\n<td colspan=\"3\">&gt; 5 GW<br \/>\n\u2264 \u00b11% FS<\/td>\n<\/tr>\n<tr>\n<td>RECOMMENDED SUPPLY VOLTAGE<br \/>\nNOMINAL SUPPLY VOLTAGE<\/td>\n<td colspan=\"3\">10 V<br \/>\n1\u00b815 V<\/td>\n<\/tr>\n<tr>\n<td>MAXIMUM SUPPLY VOLTAGE<\/td>\n<td colspan=\"3\">18 V<\/td>\n<\/tr>\n<tr>\n<td>MECHANICAL LIMIT values referred<\/td>\n<td colspan=\"3\"><\/td>\n<\/tr>\n<tr>\n<td>to nominal load:<\/td>\n<td colspan=\"3\"><\/td>\n<\/tr>\n<tr>\n<td>a) minimum load<\/td>\n<td colspan=\"3\">0%<\/td>\n<\/tr>\n<tr>\n<td>b) service load<\/td>\n<td colspan=\"3\">120%<\/td>\n<\/tr>\n<tr>\n<td>c) max permissible load<\/td>\n<td colspan=\"3\">150%<\/td>\n<\/tr>\n<tr>\n<td>d) breaking load<\/td>\n<td colspan=\"3\">&gt; 300%<\/td>\n<\/tr>\n<tr>\n<td>e) max transverse load<\/td>\n<td colspan=\"3\">50%<\/td>\n<\/tr>\n<tr>\n<td>REFERENCE TEMPERATURE<\/td>\n<td colspan=\"3\">+23\u00b0C<\/td>\n<\/tr>\n<tr>\n<td>TEMPERATURE NOMINAL RANGE<\/td>\n<td colspan=\"3\">-10\/+40 \u00b0C<\/td>\n<\/tr>\n<tr>\n<td>WORKING TEMPERATURE<\/td>\n<td colspan=\"3\">-20\/+70 \u00b0C<\/td>\n<\/tr>\n<tr>\n<td>STORAGE TEMPERATURE<\/td>\n<td colspan=\"3\">-20\/+80 \u00b0C<\/td>\n<\/tr>\n<tr>\n<td><em>NOMINAL LOAD<\/em><br \/>\nWEIGHT<\/td>\n<td>30, 60, 100t<br \/>\n~ 7 kg<\/td>\n<td>200, 300t<br \/>\n~16 kg<\/td>\n<td>500t<br \/>\n~31kg<\/td>\n<\/tr>\n<tr>\n<td><em>PROTECTION CLASS (EN 60529) EXECUTION MATERIAL<\/em><br \/>\n<em>CABLE LENGTH<\/em><\/td>\n<td colspan=\"3\">IP68<br \/>\nAcciaio Inox \/ <em>Stainless Steel<\/em><br \/>\n5 m (<em>on request <\/em>10 m)<\/td>\n<\/tr>\n<\/tbody>\n<\/table>\n<p>Accelerazione di gravit\u00e0 g=9.80434 m\/s2 \/ Acceleration of gravity g=9.80434 m\/s2.<\/p>\n<p><strong>Electrical Connections<br \/>\n<\/strong>STANDARD OUTPUT: PVC 105\u00b0C shielded cable, \u00d8 5.2mm with 6 \u00d7 \u00d8 0.25mm2 tinned conductors.<\/p>\n<p><img decoding=\"async\" class=\"alignnone size-full wp-image-285687\" src=\"https:\/\/casscale.net\/wp-content\/uploads\/2025\/11\/CLS_2.png\" alt=\"\" width=\"1269\" height=\"412\" srcset=\"https:\/\/casscale.net\/wp-content\/uploads\/2025\/11\/CLS_2.png 1269w, https:\/\/casscale.net\/wp-content\/uploads\/2025\/11\/CLS_2-800x260.png 800w, https:\/\/casscale.net\/wp-content\/uploads\/2025\/11\/CLS_2-768x249.png 768w, https:\/\/casscale.net\/wp-content\/uploads\/2025\/11\/CLS_2-600x195.png 600w, https:\/\/casscale.net\/wp-content\/uploads\/2025\/11\/CLS_2-64x21.png 64w\" sizes=\"(max-width: 1269px) 100vw, 1269px\" \/><\/p>\n<p>Shield connected to the body of the load cell.<\/p>\n<p>&nbsp;<\/p>\n<p>&nbsp;<\/p>\n<p>&nbsp;<\/p>\n","protected":false},"excerpt":{"rendered":"<p><span id=\"result_box\" lang=\"en\"><span class=\"hps\">Column load cell\u00a0<\/span><span class=\"hps\">suitable to work<\/span>\u00a0<span class=\"hps\">in hostile environments<br \/>\nCombined Error 0.045%, 0.023%<\/span><\/span><br \/>\n<span id=\"result_box\" lang=\"en\"><span class=\"hps alt-edited\">High mechanical resistance<\/span><br \/>\n<span class=\"hps\">Completely<\/span>\u00a0<span class=\"hps\">made of<\/span>\u00a0<span class=\"hps\">stainless steel<\/span><br \/>\n<span class=\"hps\">Completely LASER welded<\/span><br \/>\n<span class=\"hps\">Degree of protection<\/span>\u00a0<span class=\"hps\">IP68<\/span><br \/>\n<span class=\"hps\">Long term stability<\/span><\/span><\/p>\n","protected":false},"featured_media":285684,"comment_status":"open","ping_status":"closed","template":"","meta":{"_acf_changed":false},"product_brand":[5397],"product_cat":[3387],"product_tag":[4645],"class_list":{"0":"post-285682","1":"product","2":"type-product","3":"status-publish","4":"has-post-thumbnail","6":"product_brand-aep-transducers","7":"product_cat-tension-compression-load-cell","8":"product_tag-compression-load-cell","10":"first","11":"instock","12":"taxable","13":"shipping-taxable","14":"product-type-simple"},"acf":[],"aioseo_notices":[],"_links":{"self":[{"href":"https:\/\/casscale.net\/en\/wp-json\/wp\/v2\/product\/285682","targetHints":{"allow":["GET"]}}],"collection":[{"href":"https:\/\/casscale.net\/en\/wp-json\/wp\/v2\/product"}],"about":[{"href":"https:\/\/casscale.net\/en\/wp-json\/wp\/v2\/types\/product"}],"replies":[{"embeddable":true,"href":"https:\/\/casscale.net\/en\/wp-json\/wp\/v2\/comments?post=285682"}],"wp:featuredmedia":[{"embeddable":true,"href":"https:\/\/casscale.net\/en\/wp-json\/wp\/v2\/media\/285684"}],"wp:attachment":[{"href":"https:\/\/casscale.net\/en\/wp-json\/wp\/v2\/media?parent=285682"}],"wp:term":[{"taxonomy":"product_brand","embeddable":true,"href":"https:\/\/casscale.net\/en\/wp-json\/wp\/v2\/product_brand?post=285682"},{"taxonomy":"product_cat","embeddable":true,"href":"https:\/\/casscale.net\/en\/wp-json\/wp\/v2\/product_cat?post=285682"},{"taxonomy":"product_tag","embeddable":true,"href":"https:\/\/casscale.net\/en\/wp-json\/wp\/v2\/product_tag?post=285682"}],"curies":[{"name":"wp","href":"https:\/\/api.w.org\/{rel}","templated":true}]}}