{"id":285918,"date":"2025-11-27T10:20:02","date_gmt":"2025-11-27T01:20:02","guid":{"rendered":"https:\/\/casscale.net\/?post_type=product&#038;p=285918"},"modified":"2026-03-18T11:37:30","modified_gmt":"2026-03-18T02:37:30","slug":"aep-transducers-clstm-force-transducers","status":"publish","type":"product","link":"https:\/\/casscale.net\/en\/product\/sample-product\/aep-transducers-clstm-force-transducers\/","title":{"rendered":"AEP transducers \/ CLSTM \/ Force transducers"},"content":{"rendered":"<h4>Force transducers for the measurement of static and dynamic loads in\u00a0<strong>COMPRESSION<\/strong><\/h4>\n<p>Nominal Load from\u00a0<strong>300 kN<\/strong>\u00a0to\u00a0<strong>5 MN<br \/>\n<\/strong>Class (ISO 376) 1 and 0.5<br \/>\nLinearity and Hysteresis 0,05%<br \/>\nOutput: 2mV\/V<\/p>\n<p><img decoding=\"async\" class=\"alignnone size-full wp-image-285713\" src=\"https:\/\/casscale.net\/wp-content\/uploads\/2025\/11\/label-eac-2.jpg\" alt=\"\" width=\"150\" height=\"70\" srcset=\"https:\/\/casscale.net\/wp-content\/uploads\/2025\/11\/label-eac-2.jpg 150w, https:\/\/casscale.net\/wp-content\/uploads\/2025\/11\/label-eac-2-64x30.jpg 64w\" sizes=\"(max-width: 150px) 100vw, 150px\" \/><\/p>\n<p><strong><em>Dimensions<\/em><\/strong><strong>[<\/strong><strong>mm<\/strong><strong>]<\/strong><\/p>\n<p><img fetchpriority=\"high\" decoding=\"async\" class=\"alignnone size-full wp-image-285921\" src=\"https:\/\/casscale.net\/wp-content\/uploads\/2025\/11\/CLSTM_1.png\" alt=\"\" width=\"1483\" height=\"646\" srcset=\"https:\/\/casscale.net\/wp-content\/uploads\/2025\/11\/CLSTM_1.png 1483w, https:\/\/casscale.net\/wp-content\/uploads\/2025\/11\/CLSTM_1-800x348.png 800w, https:\/\/casscale.net\/wp-content\/uploads\/2025\/11\/CLSTM_1-1400x610.png 1400w, https:\/\/casscale.net\/wp-content\/uploads\/2025\/11\/CLSTM_1-768x335.png 768w, https:\/\/casscale.net\/wp-content\/uploads\/2025\/11\/CLSTM_1-600x261.png 600w, https:\/\/casscale.net\/wp-content\/uploads\/2025\/11\/CLSTM_1-64x28.png 64w\" sizes=\"(max-width: 1483px) 100vw, 1483px\" \/><\/p>\n<table border=\"1\" cellspacing=\"0\" cellpadding=\"6\">\n<thead>\n<tr>\n<th>Load<\/th>\n<th>\u00c6 A<\/th>\n<th>\u00c6 B<\/th>\n<th>\u00c6 C<\/th>\n<th>D<\/th>\n<th>E<\/th>\n<th>F<\/th>\n<th>\u00c6 G<\/th>\n<th>H<\/th>\n<th>L<\/th>\n<th>M<\/th>\n<th>\u00c6 N<\/th>\n<th>P<\/th>\n<th>R<\/th>\n<th>T<\/th>\n<th>Z<\/th>\n<\/tr>\n<\/thead>\n<tbody>\n<tr>\n<td>30t, 60t, 100t<\/td>\n<td>102<\/td>\n<td>94<\/td>\n<td>76<\/td>\n<td>15<\/td>\n<td>15<\/td>\n<td>70<\/td>\n<td>102<\/td>\n<td>165<\/td>\n<td>65<\/td>\n<td>M8<\/td>\n<td>79<\/td>\n<td>12<\/td>\n<td>200<\/td>\n<td>\/<\/td>\n<td>16<\/td>\n<\/tr>\n<tr>\n<td>200t, 300t<\/td>\n<td>129<\/td>\n<td>122<\/td>\n<td>106<\/td>\n<td>20<\/td>\n<td>14<\/td>\n<td>90<\/td>\n<td>129<\/td>\n<td>215<\/td>\n<td>80<\/td>\n<td>M12<\/td>\n<td>109<\/td>\n<td>17<\/td>\n<td>350<\/td>\n<td>\/<\/td>\n<td>18<\/td>\n<\/tr>\n<tr>\n<td>500t<\/td>\n<td>168<\/td>\n<td>160<\/td>\n<td>140<\/td>\n<td>35<\/td>\n<td>35<\/td>\n<td>130<\/td>\n<td>168<\/td>\n<td>250<\/td>\n<td>100<\/td>\n<td>M16<\/td>\n<td>143<\/td>\n<td>21<\/td>\n<td>500<\/td>\n<td>M8<\/td>\n<td>20<\/td>\n<\/tr>\n<\/tbody>\n<\/table>\n<p>Technical Data<\/p>\n<table>\n<thead>\n<tr>\n<th>Accuracy Class<\/th>\n<th>C1<\/th>\n<th colspan=\"2\">C2<\/th>\n<\/tr>\n<\/thead>\n<tbody>\n<tr>\n<td>Legal Divisions<\/td>\n<td>1000<\/td>\n<td colspan=\"2\">2000<\/td>\n<\/tr>\n<tr>\n<td>Nominal Load (Emax)<\/td>\n<td colspan=\"3\">30, 60, 100, 200, 300, 500 t<\/td>\n<\/tr>\n<tr>\n<td>Min. Verification Interval (Vmin)<\/td>\n<td colspan=\"3\">Emax \/ 10000<\/td>\n<\/tr>\n<tr>\n<td>Combined Error<\/td>\n<td>\u00b10.045%<\/td>\n<td colspan=\"2\">\u00b10.023%<\/td>\n<\/tr>\n<tr>\n<td>Non-Repeatability<\/td>\n<td>\u00b10.015%<\/td>\n<td colspan=\"2\">\u00b10.010%<\/td>\n<\/tr>\n<tr>\n<td>Zero Return over 30 min.<\/td>\n<td>\u00b10.036%<\/td>\n<td colspan=\"2\">\u00b10.026%<\/td>\n<\/tr>\n<tr>\n<td>Creep at nominal load:<\/td>\n<td colspan=\"3\"><\/td>\n<\/tr>\n<tr>\n<td>a) over 30 min.<\/td>\n<td>\u00b10.035%<\/td>\n<td colspan=\"2\">\u00b10.028%<\/td>\n<\/tr>\n<tr>\n<td>b) over 20 and 30 min.<\/td>\n<td>\u00b10.010%<\/td>\n<td colspan=\"2\">\u00b10.008%<\/td>\n<\/tr>\n<tr>\n<td>Temperature Effect (10 \u00b0C)<br \/>\na) on zero<br \/>\nb) on sensitivity<\/td>\n<td>\u00b10.030%<br \/>\n\u00b10.030%<\/td>\n<td colspan=\"2\">\u00b10.024%<br \/>\n\u00b10.017%<\/td>\n<\/tr>\n<tr>\n<td>Nominal Sensitivity Calibration Tolerance<\/td>\n<td colspan=\"3\">2 mV\/V \u00b10.1%<\/td>\n<\/tr>\n<tr>\n<td>Nominal Load<\/td>\n<td colspan=\"3\">30, 60, 100 t<\/td>\n<\/tr>\n<tr>\n<td>Input Resistance<\/td>\n<td colspan=\"3\">700 \u00b1 2 \u03a9<\/td>\n<\/tr>\n<tr>\n<td>Output Resistance<\/td>\n<td colspan=\"3\">700 \u00b1 2 \u03a9<\/td>\n<\/tr>\n<tr>\n<td>Nominal Load<\/td>\n<td colspan=\"3\">200, 300, 500 t<\/td>\n<\/tr>\n<tr>\n<td>Input Resistance<\/td>\n<td colspan=\"3\">350 \u00b1 2 \u03a9<\/td>\n<\/tr>\n<tr>\n<td>Output Resistance<\/td>\n<td colspan=\"3\">350 \u00b1 2 \u03a9<\/td>\n<\/tr>\n<tr>\n<td>Insulation Resistance Zero Balance<\/td>\n<td colspan=\"3\">&gt; 5 GW \u00b11% FS<\/td>\n<\/tr>\n<tr>\n<td>Recommended Supply Voltage Nominal Supply Voltage<\/td>\n<td colspan=\"3\">10 V, 1\u201315 V<\/td>\n<\/tr>\n<tr>\n<td>Maximum Supply Voltage<\/td>\n<td colspan=\"3\">18 V<\/td>\n<\/tr>\n<tr>\n<td>Mechanical Limit values referred to nominal load:<\/td>\n<td colspan=\"3\"><\/td>\n<\/tr>\n<tr>\n<td>a) minimum load<\/td>\n<td colspan=\"3\">0%<\/td>\n<\/tr>\n<tr>\n<td>b) service load<\/td>\n<td colspan=\"3\">120%<\/td>\n<\/tr>\n<tr>\n<td>c) max permissible load<\/td>\n<td colspan=\"3\">150%<\/td>\n<\/tr>\n<tr>\n<td>d) breaking load<\/td>\n<td colspan=\"3\">&gt; 300%<\/td>\n<\/tr>\n<tr>\n<td>e) max transverse load<\/td>\n<td colspan=\"3\">50%<\/td>\n<\/tr>\n<tr>\n<td>Reference Temperature<\/td>\n<td colspan=\"3\">+23 \u00b0C<\/td>\n<\/tr>\n<tr>\n<td>Temperature Nominal Range<\/td>\n<td colspan=\"3\">-10 \/ +40 \u00b0C<\/td>\n<\/tr>\n<tr>\n<td>Working Temperature<\/td>\n<td colspan=\"3\">-20 \/ +70 \u00b0C<\/td>\n<\/tr>\n<tr>\n<td>Storage Temperature<\/td>\n<td colspan=\"3\">-20 \/ +80 \u00b0C<\/td>\n<\/tr>\n<tr>\n<td>Nominal Load \/ Weight<\/td>\n<td>30, 60, 100 t \/ ~7 kg<\/td>\n<td>200, 300 t \/ ~16 kg<\/td>\n<td>500 t \/ ~31 kg<\/td>\n<\/tr>\n<tr>\n<td>Protection Class (EN 60529) Execution Material \/ Cable Length<\/td>\n<td colspan=\"3\">IP68, Acciaio Inox \/ Stainless Steel, 5 m (on request 10 m)<\/td>\n<\/tr>\n<\/tbody>\n<\/table>\n<p>Acceleration of gravity g=9.80434 m\/s2.<\/p>\n<p>Electrical Connections<br \/>\nSTANDARD OUTPUT: PVC 105\u00b0C shielded cable, \u00d8 5.2mm with 6 \u00d7 \u00d8 0.25mm2 tinned conductors.<\/p>\n<p><img decoding=\"async\" class=\"alignnone size-full wp-image-285923\" src=\"https:\/\/casscale.net\/wp-content\/uploads\/2025\/11\/CLSTM_2.png\" alt=\"\" width=\"1280\" height=\"411\" srcset=\"https:\/\/casscale.net\/wp-content\/uploads\/2025\/11\/CLSTM_2.png 1280w, https:\/\/casscale.net\/wp-content\/uploads\/2025\/11\/CLSTM_2-800x257.png 800w, https:\/\/casscale.net\/wp-content\/uploads\/2025\/11\/CLSTM_2-768x247.png 768w, https:\/\/casscale.net\/wp-content\/uploads\/2025\/11\/CLSTM_2-600x193.png 600w, https:\/\/casscale.net\/wp-content\/uploads\/2025\/11\/CLSTM_2-64x21.png 64w\" sizes=\"(max-width: 1280px) 100vw, 1280px\" \/><br \/>\nShield connected to the body of the load cell.<\/p>\n","protected":false},"excerpt":{"rendered":"<p>Column force transducer suitable for the calibration of material testing machines.<br \/>\nHigh mechanical resistance.<br \/>\nCompletely made of stainless steel.<br \/>\nCompletely LASER welded.<br \/>\nDegree of protection IP65.<br \/>\nLong term stability.<\/p>\n","protected":false},"featured_media":285928,"comment_status":"open","ping_status":"closed","template":"","meta":{"_acf_changed":false},"product_brand":[5397],"product_cat":[3448],"product_tag":[5408,4959,5023,5409],"class_list":{"0":"post-285918","1":"product","2":"type-product","3":"status-publish","4":"has-post-thumbnail","6":"product_brand-aep-transducers","7":"product_cat-force-sensor","8":"product_tag-dynamometer-2-en","9":"product_tag-force-sensor","10":"product_tag-force-sensor-en","11":"product_tag-force-transducers-en","13":"first","14":"instock","15":"taxable","16":"shipping-taxable","17":"product-type-simple"},"acf":[],"aioseo_notices":[],"_links":{"self":[{"href":"https:\/\/casscale.net\/en\/wp-json\/wp\/v2\/product\/285918","targetHints":{"allow":["GET"]}}],"collection":[{"href":"https:\/\/casscale.net\/en\/wp-json\/wp\/v2\/product"}],"about":[{"href":"https:\/\/casscale.net\/en\/wp-json\/wp\/v2\/types\/product"}],"replies":[{"embeddable":true,"href":"https:\/\/casscale.net\/en\/wp-json\/wp\/v2\/comments?post=285918"}],"wp:featuredmedia":[{"embeddable":true,"href":"https:\/\/casscale.net\/en\/wp-json\/wp\/v2\/media\/285928"}],"wp:attachment":[{"href":"https:\/\/casscale.net\/en\/wp-json\/wp\/v2\/media?parent=285918"}],"wp:term":[{"taxonomy":"product_brand","embeddable":true,"href":"https:\/\/casscale.net\/en\/wp-json\/wp\/v2\/product_brand?post=285918"},{"taxonomy":"product_cat","embeddable":true,"href":"https:\/\/casscale.net\/en\/wp-json\/wp\/v2\/product_cat?post=285918"},{"taxonomy":"product_tag","embeddable":true,"href":"https:\/\/casscale.net\/en\/wp-json\/wp\/v2\/product_tag?post=285918"}],"curies":[{"name":"wp","href":"https:\/\/api.w.org\/{rel}","templated":true}]}}