{"id":286086,"date":"2025-11-28T09:42:11","date_gmt":"2025-11-28T00:42:11","guid":{"rendered":"https:\/\/casscale.net\/?post_type=product&#038;p=286086"},"modified":"2026-03-18T11:36:18","modified_gmt":"2026-03-18T02:36:18","slug":"aep-transducers-tcetm-force-transducers","status":"publish","type":"product","link":"https:\/\/casscale.net\/en\/product\/sample-product\/aep-transducers-tcetm-force-transducers\/","title":{"rendered":"AEP transducers \/ TCETM \/ Force transducers"},"content":{"rendered":"<h4>Force transducers for the measurement of static and dynamic loads in\u00a0<strong>COMPRESSION<\/strong>\u00a0and\u00a0<strong>TENSION<\/strong><\/h4>\n<p>Class (ISO 376) 00, 0.5 and 1<br \/>\nLinearity and Hysteresis 0,03%<br \/>\nOutput: 2mV\/V<\/p>\n<p>On request<\/p>\n<p><img decoding=\"async\" class=\"alignnone wp-image-285729\" src=\"https:\/\/casscale.net\/wp-content\/uploads\/2025\/11\/ATEX-300x90.jpg\" alt=\"\" width=\"233\" height=\"70\" srcset=\"https:\/\/casscale.net\/wp-content\/uploads\/2025\/11\/ATEX-300x90.jpg 300w, https:\/\/casscale.net\/wp-content\/uploads\/2025\/11\/ATEX-300x90-295x90.jpg 295w, https:\/\/casscale.net\/wp-content\/uploads\/2025\/11\/ATEX-300x90-64x19.jpg 64w\" sizes=\"(max-width: 233px) 100vw, 233px\" \/><img decoding=\"async\" class=\"alignnone size-full wp-image-285713\" src=\"https:\/\/casscale.net\/wp-content\/uploads\/2025\/11\/label-eac-2.jpg\" alt=\"\" width=\"150\" height=\"70\" srcset=\"https:\/\/casscale.net\/wp-content\/uploads\/2025\/11\/label-eac-2.jpg 150w, https:\/\/casscale.net\/wp-content\/uploads\/2025\/11\/label-eac-2-64x30.jpg 64w\" sizes=\"(max-width: 150px) 100vw, 150px\" \/><\/p>\n<p><strong>Dimensions[mm]<\/strong><\/p>\n<p><img fetchpriority=\"high\" decoding=\"async\" class=\"alignnone size-full wp-image-286089\" src=\"https:\/\/casscale.net\/wp-content\/uploads\/2025\/11\/TCETM_1.png\" alt=\"\" width=\"1133\" height=\"463\" srcset=\"https:\/\/casscale.net\/wp-content\/uploads\/2025\/11\/TCETM_1.png 1133w, https:\/\/casscale.net\/wp-content\/uploads\/2025\/11\/TCETM_1-800x327.png 800w, https:\/\/casscale.net\/wp-content\/uploads\/2025\/11\/TCETM_1-768x314.png 768w, https:\/\/casscale.net\/wp-content\/uploads\/2025\/11\/TCETM_1-600x245.png 600w, https:\/\/casscale.net\/wp-content\/uploads\/2025\/11\/TCETM_1-64x26.png 64w\" sizes=\"(max-width: 1133px) 100vw, 1133px\" \/><\/p>\n<table>\n<tbody>\n<tr>\n<td><strong><em>CODE (Class 00)<\/em><\/strong><\/td>\n<td><strong><em>CODE (Class 0.5)<\/em><\/strong><\/td>\n<td><strong><em>CODE (Class 1)<\/em><\/strong><\/td>\n<td><strong><em>LOAD<\/em><\/strong><\/td>\n<td><strong>\u00c6A<\/strong><\/td>\n<td><strong>B<\/strong><\/td>\n<td><strong>C<\/strong><\/td>\n<td><strong>D<\/strong><\/td>\n<td><strong>E<\/strong><\/td>\n<\/tr>\n<tr>\n<td>CTCETM5KN005<\/td>\n<td>CTCETM5KNI05<\/td>\n<td>CTCETM5KNI15<\/td>\n<td>5 kN<\/td>\n<td rowspan=\"3\">57<\/td>\n<td rowspan=\"3\">80<\/td>\n<td rowspan=\"3\">74.5<\/td>\n<td rowspan=\"3\">M20X1.5<\/td>\n<td rowspan=\"3\">17<\/td>\n<\/tr>\n<tr>\n<td>CTCETM10KN005<\/td>\n<td>CTCETM10KNI05<\/td>\n<td>CTCETM10KNI15<\/td>\n<td>10 kN<\/td>\n<\/tr>\n<tr>\n<td>CTCETM25KN005<\/td>\n<td>CTCETM25KNI05<\/td>\n<td>CTCETM25KNI15<\/td>\n<td>25 kN<\/td>\n<\/tr>\n<tr>\n<td>CTCETM50KN005<\/td>\n<td>CTCETM50KNI05<\/td>\n<td>CTCETM50KNI15<\/td>\n<td>50 kN<\/td>\n<td>82<\/td>\n<td>110<\/td>\n<td>102<\/td>\n<td>M30X2<\/td>\n<td>20<\/td>\n<\/tr>\n<\/tbody>\n<\/table>\n<p><strong><em>Technical Data<\/em><\/strong><\/p>\n<table>\n<tbody>\n<tr>\n<td><em>Accuracy class: <strong>ISO 376<\/strong><\/em><\/td>\n<td><strong>00<\/strong><\/td>\n<td><strong>0.5<\/strong><\/td>\n<td><strong>1<\/strong><\/td>\n<\/tr>\n<tr>\n<td><em>NOMINAL LOAD<\/em><\/td>\n<td colspan=\"3\">5 &#8211; 10 &#8211; 25 &#8211; 50 &#8211; 75 &#8211; 100 kN<\/td>\n<\/tr>\n<tr>\n<td><em>RELATIVE ERRORS (<strong>at reading<\/strong>)<\/em><br \/>\na) repeatability 0\u00b0-120\u00b0-240\u00b0 (b)<br \/>\nb) interpolation (fc)<br \/>\nc) reversitivity (u)<br \/>\nd) zero (fo)<\/td>\n<td>\n\u22640.050%<sup>(1)<\/sup><br \/>\n\u22640.020%<sup>(1)<\/sup><br \/>\n\u22640.070%<sup>(1)<\/sup><br \/>\n\u22640.010% F.S.<\/td>\n<td>\n\u22640.085%<sup>(1)<\/sup><br \/>\n\u22640.040%<sup>(1)<\/sup><br \/>\n\u22640.135%<sup>(1)<\/sup><br \/>\n\u22640.020% F.S.<\/td>\n<td>\n\u22640.150%<sup>(1)<\/sup><br \/>\n\u22640.055%<sup>(1)<\/sup><br \/>\n\u22640.250%<sup>(1)<\/sup><br \/>\n\u22640.020% F.S.<\/td>\n<\/tr>\n<tr>\n<td><em>LINEARITY HYSTERESIS<\/em><\/td>\n<td colspan=\"3\">\u22640.03% F.S.<br \/>\n\u22640.03% F.S.<\/td>\n<\/tr>\n<tr>\n<td><em>TEMPERATURE EFFECT (10\u00b0C)<\/em><br \/>\na) on zero<br \/>\nb) on sensitivity<\/td>\n<td colspan=\"3\">\n\u22640.030% F.S.<br \/>\n\u22640.011% F.S.<\/td>\n<\/tr>\n<tr>\n<td><em>NOMINAL SENSITIVITY SENSIVITY TOLERANCE<\/em><\/td>\n<td colspan=\"3\">2 mV\/V<br \/>\n\u22640.1% F.S.<\/td>\n<\/tr>\n<tr>\n<td><em>INPUT RESISTANCE<br \/>\nOUTPUT RESISTANCE I<br \/>\nNSULATION RESISTANCE<br \/>\nZERO BALANCE<\/em><br \/>\nRECOMMENDED SUPPLY VOLTAGE<br \/>\nNOMINAL SUPPLY VOLTAGE<br \/>\nMAXIMUM SUPPLY VOLTAGE<\/td>\n<td colspan=\"3\">440 \u00b1 20W<br \/>\n352 \u00b1 2W<br \/>\n&gt;5 GW<br \/>\n\u22641% F.S.<br \/>\n10 V<br \/>\n1-15 V<br \/>\n18 V<\/td>\n<\/tr>\n<tr>\n<td><em>MECHANICAL LIMIT VALUES REFERRED TO NOMINAL LOAD:<\/em><br \/>\na) service load<br \/>\nb) max permissible load<br \/>\nc) breaking load<br \/>\nd) max transverse load<br \/>\ne) max permissible dynamic load<br \/>\nDISPLACEMENT AT NOMINAL LOAD<\/td>\n<td colspan=\"3\">\n120%<br \/>\n150%<br \/>\n&gt;300%<br \/>\n50%<br \/>\n50%<br \/>\n~0.3 mm<\/td>\n<\/tr>\n<tr>\n<td><em>REFERENCE TEMPERATURE<br \/>\nTEMPERATURE NOMINAL RANGE<br \/>\nSERVICE TEMPERATURE<\/em><br \/>\nSTORAGE TEMPERATURE<\/td>\n<td colspan=\"3\">+23 \u00b0C<br \/>\n-10 \/ +40 \u00b0C<br \/>\n-10 \/ +70 \u00b0C<br \/>\n-20 \/ +80 \u00b0C<\/td>\n<\/tr>\n<tr>\n<td><em>WEIGHT<\/em><br \/>\nPROTECTION CLASS (EN 60529)<br \/>\nEXECUTION MATERIAL<br \/>\nCABLE LENGTH<\/td>\n<td colspan=\"3\">1.45 &#8211; 4.45 kg<br \/>\nIP67<br \/>\nAcciaio Inox \/ Stainless Steel<br \/>\n5 m<\/td>\n<\/tr>\n<\/tbody>\n<\/table>\n<p><strong><sup>(1)<\/sup>\u00a0<\/strong><em>Percentage errors referred to reading, min. 1\/ 10 of the nominal load<br \/>\n<\/em><em>Classifications according <strong>ASTM E74 <\/strong>on request<\/em><\/p>\n<p><strong><em>Electrical Connections<\/em><\/strong><\/p>\n<p><strong><em>STANDARD OUTPUT<\/em><\/strong><em>: PVC 105\u00b0C shielded cable, \u00d8 5.2mm with 4\u00d7 \u00d8 0.35mm<sup>2<\/sup> soldered conductors.<br \/>\n<\/em><em>Shield <\/em>c<em>onnected to the body of the transducer.<\/em><\/p>\n<p><img loading=\"lazy\" decoding=\"async\" class=\"alignnone size-full wp-image-286091\" src=\"https:\/\/casscale.net\/wp-content\/uploads\/2025\/11\/TCETM_2.png\" alt=\"\" width=\"1158\" height=\"308\" srcset=\"https:\/\/casscale.net\/wp-content\/uploads\/2025\/11\/TCETM_2.png 1158w, https:\/\/casscale.net\/wp-content\/uploads\/2025\/11\/TCETM_2-800x213.png 800w, https:\/\/casscale.net\/wp-content\/uploads\/2025\/11\/TCETM_2-768x204.png 768w, https:\/\/casscale.net\/wp-content\/uploads\/2025\/11\/TCETM_2-600x160.png 600w, https:\/\/casscale.net\/wp-content\/uploads\/2025\/11\/TCETM_2-64x17.png 64w\" sizes=\"(max-width: 1158px) 100vw, 1158px\" \/><\/p>\n","protected":false},"excerpt":{"rendered":"<p>Force transducer with high precision suitable for material testing machines and test benches.<br \/>\nHigh mechanical resistance.<br \/>\nCompletely made of stainless steel.<br \/>\nCompletely LASER welded.<br \/>\nDegree of protection IP67.<\/p>\n<p>Long term stability On request\u00a0<strong>ATEX\u00a0<\/strong>certificate (Zones 1 and 21) GAS and DUST<\/p>\n","protected":false},"featured_media":286088,"comment_status":"open","ping_status":"closed","template":"","meta":{"_acf_changed":false},"product_brand":[5397],"product_cat":[3448],"product_tag":[5408,4959,5023,5409],"class_list":{"0":"post-286086","1":"product","2":"type-product","3":"status-publish","4":"has-post-thumbnail","6":"product_brand-aep-transducers","7":"product_cat-force-sensor","8":"product_tag-dynamometer-2-en","9":"product_tag-force-sensor","10":"product_tag-force-sensor-en","11":"product_tag-force-transducers-en","13":"first","14":"instock","15":"taxable","16":"shipping-taxable","17":"product-type-simple"},"acf":[],"aioseo_notices":[],"_links":{"self":[{"href":"https:\/\/casscale.net\/en\/wp-json\/wp\/v2\/product\/286086","targetHints":{"allow":["GET"]}}],"collection":[{"href":"https:\/\/casscale.net\/en\/wp-json\/wp\/v2\/product"}],"about":[{"href":"https:\/\/casscale.net\/en\/wp-json\/wp\/v2\/types\/product"}],"replies":[{"embeddable":true,"href":"https:\/\/casscale.net\/en\/wp-json\/wp\/v2\/comments?post=286086"}],"wp:featuredmedia":[{"embeddable":true,"href":"https:\/\/casscale.net\/en\/wp-json\/wp\/v2\/media\/286088"}],"wp:attachment":[{"href":"https:\/\/casscale.net\/en\/wp-json\/wp\/v2\/media?parent=286086"}],"wp:term":[{"taxonomy":"product_brand","embeddable":true,"href":"https:\/\/casscale.net\/en\/wp-json\/wp\/v2\/product_brand?post=286086"},{"taxonomy":"product_cat","embeddable":true,"href":"https:\/\/casscale.net\/en\/wp-json\/wp\/v2\/product_cat?post=286086"},{"taxonomy":"product_tag","embeddable":true,"href":"https:\/\/casscale.net\/en\/wp-json\/wp\/v2\/product_tag?post=286086"}],"curies":[{"name":"wp","href":"https:\/\/api.w.org\/{rel}","templated":true}]}}