{"id":286094,"date":"2025-11-28T09:49:56","date_gmt":"2025-11-28T00:49:56","guid":{"rendered":"https:\/\/casscale.net\/?post_type=product&#038;p=286094"},"modified":"2026-03-18T11:36:18","modified_gmt":"2026-03-18T02:36:18","slug":"aep-transducers-tstm-force-transducers","status":"publish","type":"product","link":"https:\/\/casscale.net\/en\/product\/aep-transducers-tstm-force-transducers\/","title":{"rendered":"AEP transducers \/ TSTM \/ Force transducers"},"content":{"rendered":"<h4>Force transducers for the measurement of static and dynamic loads in\u00a0<strong>COMPRESSION<\/strong>\u00a0and\u00a0<strong>TENSION<\/strong><\/h4>\n<p>Nominal Load from\u00a0<strong>500 N<\/strong>\u00a0to\u00a0<strong>5 kN<br \/>\n<\/strong>Class (ISO 376) 00, 0.5 and 1<br \/>\nLinearity and Hysteresis 0,025%<br \/>\nOutput: 2mV\/V<\/p>\n<p>On request<\/p>\n<p><img decoding=\"async\" class=\"alignnone wp-image-285729\" src=\"https:\/\/casscale.net\/wp-content\/uploads\/2025\/11\/ATEX-300x90.jpg\" alt=\"\" width=\"233\" height=\"70\" srcset=\"https:\/\/casscale.net\/wp-content\/uploads\/2025\/11\/ATEX-300x90.jpg 300w, https:\/\/casscale.net\/wp-content\/uploads\/2025\/11\/ATEX-300x90-295x90.jpg 295w, https:\/\/casscale.net\/wp-content\/uploads\/2025\/11\/ATEX-300x90-64x19.jpg 64w\" sizes=\"(max-width: 233px) 100vw, 233px\" \/><img decoding=\"async\" class=\"alignnone size-full wp-image-285713\" src=\"https:\/\/casscale.net\/wp-content\/uploads\/2025\/11\/label-eac-2.jpg\" alt=\"\" width=\"150\" height=\"70\" srcset=\"https:\/\/casscale.net\/wp-content\/uploads\/2025\/11\/label-eac-2.jpg 150w, https:\/\/casscale.net\/wp-content\/uploads\/2025\/11\/label-eac-2-64x30.jpg 64w\" sizes=\"(max-width: 150px) 100vw, 150px\" \/><\/p>\n<p><strong>Dimensions[mm]<\/strong><\/p>\n<p><img fetchpriority=\"high\" decoding=\"async\" class=\"alignnone size-full wp-image-286097\" src=\"https:\/\/casscale.net\/wp-content\/uploads\/2025\/11\/TSTM_21.png\" alt=\"\" width=\"1176\" height=\"554\" srcset=\"https:\/\/casscale.net\/wp-content\/uploads\/2025\/11\/TSTM_21.png 1176w, https:\/\/casscale.net\/wp-content\/uploads\/2025\/11\/TSTM_21-800x377.png 800w, https:\/\/casscale.net\/wp-content\/uploads\/2025\/11\/TSTM_21-768x362.png 768w, https:\/\/casscale.net\/wp-content\/uploads\/2025\/11\/TSTM_21-600x283.png 600w, https:\/\/casscale.net\/wp-content\/uploads\/2025\/11\/TSTM_21-64x30.png 64w\" sizes=\"(max-width: 1176px) 100vw, 1176px\" \/><\/p>\n<table>\n<tbody>\n<tr>\n<td><strong><em>CODE (Class 00)<\/em><\/strong><\/td>\n<td><strong><em>CODE (Class 0.5)<\/em><\/strong><\/td>\n<td><strong><em>CODE (Class 1)<\/em><\/strong><\/td>\n<td><strong><em>LOAD<\/em><\/strong><\/td>\n<\/tr>\n<tr>\n<td>CTSTM63500N005<\/td>\n<td>CTSTM63500NI05<\/td>\n<td>CTSTM63500NI15<\/td>\n<td>0.5 kN<\/td>\n<\/tr>\n<tr>\n<td>CTSTM631KNI005<\/td>\n<td>CTSTM631KNI05<\/td>\n<td>CTSTM631KNI15<\/td>\n<td>1 kN<\/td>\n<\/tr>\n<tr>\n<td>CTSTM632KNI005<\/td>\n<td>CTSTM632KNI05<\/td>\n<td>CTSTM632KNI15<\/td>\n<td>2 kN<\/td>\n<\/tr>\n<tr>\n<td>CTSTM633KNI005<\/td>\n<td>CTSTM633KNI05<\/td>\n<td>CTSTM633KNI15<\/td>\n<td>3 kN<\/td>\n<\/tr>\n<tr>\n<td>CTSTM635KNI005<\/td>\n<td>CTSTM635KNI05<\/td>\n<td>CTSTM635KNI15<\/td>\n<td>5 kN<\/td>\n<\/tr>\n<\/tbody>\n<\/table>\n<p><strong><em>Technical Data<\/em><\/strong><\/p>\n<table>\n<tbody>\n<tr>\n<td><em>Accuracy class: <strong>ISO 376<\/strong><\/em><\/td>\n<td><strong>00<\/strong><\/td>\n<td><strong>0.5<\/strong><\/td>\n<td><strong>1<\/strong><\/td>\n<\/tr>\n<tr>\n<td><em>NOMINAL LOAD<\/em><\/td>\n<td colspan=\"3\">0.5 &#8211; 1 &#8211; 2 &#8211; 3 &#8211; 5 kN<\/td>\n<\/tr>\n<tr>\n<td><em>RELATIVE ERROR (<strong>at reading<\/strong>)<\/em><br \/>\na) repeatability 0\u00b0-120\u00b0-240\u00b0 (b\u2019)<br \/>\nb) interpolation (fc)<br \/>\nc) reversibility (u)<br \/>\nd) zero (fo)<\/td>\n<td>\n\u22640.050%<sup>(1)<\/sup><br \/>\n\u22640.020%<sup>(1)<\/sup><br \/>\n\u22640.070%<sup>(1)<\/sup><br \/>\n\u22640.010% F.S.<\/td>\n<td>\n\u22640.090%<sup>(1)<\/sup><br \/>\n\u22640.040%<sup>(1)<\/sup><br \/>\n\u22640.100%<sup>(1)<\/sup><br \/>\n\u22640.025% F.S.<\/td>\n<td>\n\u22640.155%<sup>(1)<\/sup><br \/>\n\u22640.080%<sup>(1)<\/sup><br \/>\n\u22640.200%<sup>(1)<\/sup><br \/>\n\u22640.025% F.S.<\/td>\n<\/tr>\n<tr>\n<td><em>LINEARITY<br \/>\nHYSTERESIS<\/em><\/td>\n<td colspan=\"3\">\u22640.02% F.S.<br \/>\n\u22640.025% F.S.<\/td>\n<\/tr>\n<tr>\n<td><em>TEMPERATURE EFFECT (10\u00b0C)<\/em><br \/>\na) on zero<br \/>\nb) on sensitivity<\/td>\n<td colspan=\"3\">\n\u22640.025% F.S.<br \/>\n\u22640.025% F.S.<\/td>\n<\/tr>\n<tr>\n<td><em>NOMINAL SENSITIVITY<br \/>\nSENSIVITY TOLERANCE<\/em><\/td>\n<td colspan=\"3\">2 mV\/V<br \/>\n\u22640.1% F.S.<\/td>\n<\/tr>\n<tr>\n<td><em>INPUT RESISTANCE<br \/>\nOUTPUT RESISTANCE<br \/>\nINSULATION RESISTANCE<br \/>\nZERO BALANCE<br \/>\nRECOMMENDED SUPPLY VOLTAGE<br \/>\nNOMINAL SUPPLY VOLTAGE<br \/>\nMAXIMUM SUPPLY VOLTAGE<\/em><\/td>\n<td colspan=\"3\">350 \u00b1 2W<br \/>\n352 \u00b1 2W<br \/>\n&gt;5 GW<br \/>\n\u22641% F.S.<br \/>\n10 V<br \/>\n1-15 V<br \/>\n18 V<\/td>\n<\/tr>\n<tr>\n<td><em>MECHANICAL LIMIT VALUES REFERRED TO NOMINAL LOAD:<\/em><br \/>\na) service load<br \/>\nb) max permissible load<br \/>\nc) breaking load<br \/>\nd) max transverse load<br \/>\ne) max permissible dynamic load<br \/>\nDISPLACEMENT AT NOMINAL LOAD<\/td>\n<td colspan=\"3\">\n120%<br \/>\n150%<br \/>\n&gt;300%<br \/>\n50%<br \/>\n50%<br \/>\n~0.2 mm<\/td>\n<\/tr>\n<tr>\n<td><em>REFERENCE TEMPERATURE<br \/>\nTEMP. NOMINAL RANGE<br \/>\nSERVICE TEMPERATURE<\/em><br \/>\nSTORAGE TEMPERATURE<\/td>\n<td colspan=\"3\">+23 \u00b0C<br \/>\n-10 \/ +40 \u00b0C<br \/>\n-10 \/ +70 \u00b0C<br \/>\n-20 \/ +80 \u00b0C<\/td>\n<\/tr>\n<tr>\n<td><em>WEIGHT<\/em><br \/>\nPROTECTION CLASS (EN 60529)<br \/>\nEXECUTION MATERIAL<br \/>\nCABLE LENGTH<\/td>\n<td colspan=\"3\">~0.60 kg<br \/>\nIP67 (0.5 kN IP65 silicon cover)<br \/>\nAcciaio Inox \/ Stainless Steel<br \/>\n5 m<\/td>\n<\/tr>\n<\/tbody>\n<\/table>\n<p><strong><sup>(1)<\/sup>\u00a0<\/strong><em>Percentage errors referred to reading, min. 1\/ 10 of the nominal load<br \/>\n<\/em><em>Classifications according <strong>ASTM E74 <\/strong>on request<\/em><\/p>\n<p><strong><em>Electrical Connections<\/em><\/strong><\/p>\n<p><strong><em>STANDARD OUTPUT<\/em><\/strong><em>: PVC 105\u00b0C shielded cable, \u00d8 5.2mm with 4\u00d7 \u00d8 0.35mm<sup>2<\/sup> tinned conductors.<\/em><\/p>\n<p><img loading=\"lazy\" decoding=\"async\" class=\"alignnone size-full wp-image-286099\" src=\"https:\/\/casscale.net\/wp-content\/uploads\/2025\/11\/TSTM_3.png\" alt=\"\" width=\"837\" height=\"310\" srcset=\"https:\/\/casscale.net\/wp-content\/uploads\/2025\/11\/TSTM_3.png 837w, https:\/\/casscale.net\/wp-content\/uploads\/2025\/11\/TSTM_3-800x296.png 800w, https:\/\/casscale.net\/wp-content\/uploads\/2025\/11\/TSTM_3-768x284.png 768w, https:\/\/casscale.net\/wp-content\/uploads\/2025\/11\/TSTM_3-600x222.png 600w, https:\/\/casscale.net\/wp-content\/uploads\/2025\/11\/TSTM_3-64x24.png 64w\" sizes=\"(max-width: 837px) 100vw, 837px\" \/><\/p>\n<p><em>Shield <\/em>c<em>onnected to the body of the transducer.<\/em><\/p>\n","protected":false},"excerpt":{"rendered":"<p>Force transducer suitable for material testing machines and\u00a0<span id=\"result_box\" lang=\"en\"><span class=\"hps\">test benches<\/span>\u00a0<span class=\"hps\">in general.<\/span><\/span><br \/>\nHigh mechanical resistance.<br \/>\nCompletely made of stainless steel.<br \/>\nCompletely LASER welded.<br \/>\nDegree of protection IP67.<br \/>\nLong term stability.<\/p>\n<p>On request\u00a0<strong>ATEX<\/strong>\u00a0certificate (Zones 1 and 21) GAS and DUST<\/p>\n","protected":false},"featured_media":286096,"comment_status":"open","ping_status":"closed","template":"","meta":{"_acf_changed":false},"product_brand":[5397],"product_cat":[3448],"product_tag":[5408,4959,5023,5409],"class_list":{"0":"post-286094","1":"product","2":"type-product","3":"status-publish","4":"has-post-thumbnail","6":"product_brand-aep-transducers","7":"product_cat-force-sensor","8":"product_tag-dynamometer-2-en","9":"product_tag-force-sensor","10":"product_tag-force-sensor-en","11":"product_tag-force-transducers-en","13":"first","14":"instock","15":"taxable","16":"shipping-taxable","17":"product-type-simple"},"acf":[],"yoast_head":"<!-- This site is optimized with the Yoast SEO Premium plugin v27.4 (Yoast SEO v27.4) - https:\/\/yoast.com\/product\/yoast-seo-premium-wordpress\/ -->\n<title>AEP transducers \/ TSTM \/ Force transducers - CAS Scale Korea Co., Ltd.<\/title>\n<meta name=\"description\" content=\"Force transducer suitable for material testing machines and\u00a0test benches\u00a0in general. High mechanical resistance. Completely made of stainless steel. Completely LASER welded. Degree of protection IP67. Long term stability.  On request\u00a0ATEX\u00a0certificate (Zones 1 and 21) GAS and DUST\" \/>\n<meta name=\"robots\" content=\"index, follow, max-snippet:-1, max-image-preview:large, max-video-preview:-1\" \/>\n<link rel=\"canonical\" href=\"https:\/\/casscale.net\/en\/product\/aep-transducers-tstm-force-transducers\/\" \/>\n<meta property=\"og:locale\" content=\"en_US\" \/>\n<meta property=\"og:type\" content=\"article\" \/>\n<meta property=\"og:title\" content=\"AEP transducers \/ TSTM \/ Force transducers\" \/>\n<meta property=\"og:description\" content=\"Force transducer suitable for material testing machines and\u00a0test benches\u00a0in general. High mechanical resistance. Completely made of stainless steel. Completely LASER welded. Degree of protection IP67. Long term stability.  On request\u00a0ATEX\u00a0certificate (Zones 1 and 21) GAS and DUST\" \/>\n<meta property=\"og:url\" content=\"https:\/\/casscale.net\/en\/product\/aep-transducers-tstm-force-transducers\/\" \/>\n<meta property=\"og:site_name\" content=\"CAS Scale Korea Co., Ltd.\" \/>\n<meta property=\"article:modified_time\" content=\"2026-03-18T02:36:18+00:00\" \/>\n<meta property=\"og:image\" content=\"https:\/\/casscale.net\/wp-content\/uploads\/2025\/11\/TSTM.webp\" \/>\n\t<meta property=\"og:image:width\" content=\"600\" \/>\n\t<meta property=\"og:image:height\" content=\"600\" \/>\n\t<meta property=\"og:image:type\" content=\"image\/webp\" \/>\n<meta name=\"twitter:card\" content=\"summary_large_image\" \/>\n<meta name=\"twitter:label1\" content=\"Est. reading time\" \/>\n\t<meta name=\"twitter:data1\" content=\"1 minute\" \/>\n<script type=\"application\/ld+json\" class=\"yoast-schema-graph\">{\"@context\":\"https:\\\/\\\/schema.org\",\"@graph\":[{\"@type\":\"WebPage\",\"@id\":\"https:\\\/\\\/casscale.net\\\/en\\\/product\\\/aep-transducers-tstm-force-transducers\\\/\",\"url\":\"https:\\\/\\\/casscale.net\\\/en\\\/product\\\/aep-transducers-tstm-force-transducers\\\/\",\"name\":\"AEP transducers \\\/ TSTM \\\/ Force transducers - CAS Scale Korea Co., Ltd.\",\"isPartOf\":{\"@id\":\"https:\\\/\\\/casscale.net\\\/#website\"},\"primaryImageOfPage\":{\"@id\":\"https:\\\/\\\/casscale.net\\\/en\\\/product\\\/aep-transducers-tstm-force-transducers\\\/#primaryimage\"},\"image\":{\"@id\":\"https:\\\/\\\/casscale.net\\\/en\\\/product\\\/aep-transducers-tstm-force-transducers\\\/#primaryimage\"},\"thumbnailUrl\":\"https:\\\/\\\/casscale.net\\\/wp-content\\\/uploads\\\/2025\\\/11\\\/TSTM.webp\",\"datePublished\":\"2025-11-28T00:49:56+00:00\",\"dateModified\":\"2026-03-18T02:36:18+00:00\",\"description\":\"Force transducer suitable for material testing machines and\u00a0test benches\u00a0in general. High mechanical resistance. Completely made of stainless steel. Completely LASER welded. Degree of protection IP67. Long term stability. On request\u00a0ATEX\u00a0certificate (Zones 1 and 21) GAS and DUST\",\"breadcrumb\":{\"@id\":\"https:\\\/\\\/casscale.net\\\/en\\\/product\\\/aep-transducers-tstm-force-transducers\\\/#breadcrumb\"},\"inLanguage\":\"en-US\",\"potentialAction\":[{\"@type\":\"ReadAction\",\"target\":[\"https:\\\/\\\/casscale.net\\\/en\\\/product\\\/aep-transducers-tstm-force-transducers\\\/\"]}]},{\"@type\":\"ImageObject\",\"inLanguage\":\"en-US\",\"@id\":\"https:\\\/\\\/casscale.net\\\/en\\\/product\\\/aep-transducers-tstm-force-transducers\\\/#primaryimage\",\"url\":\"https:\\\/\\\/casscale.net\\\/wp-content\\\/uploads\\\/2025\\\/11\\\/TSTM.webp\",\"contentUrl\":\"https:\\\/\\\/casscale.net\\\/wp-content\\\/uploads\\\/2025\\\/11\\\/TSTM.webp\",\"width\":600,\"height\":600},{\"@type\":\"BreadcrumbList\",\"@id\":\"https:\\\/\\\/casscale.net\\\/en\\\/product\\\/aep-transducers-tstm-force-transducers\\\/#breadcrumb\",\"itemListElement\":[{\"@type\":\"ListItem\",\"position\":1,\"name\":\"Home\",\"item\":\"https:\\\/\\\/casscale.net\\\/en\\\/\"},{\"@type\":\"ListItem\",\"position\":2,\"name\":\"Shop\",\"item\":\"https:\\\/\\\/casscale.net\\\/en\\\/shop\\\/\"},{\"@type\":\"ListItem\",\"position\":3,\"name\":\"AEP transducers \\\/ TSTM \\\/ Force transducers\"}]},{\"@type\":\"WebSite\",\"@id\":\"https:\\\/\\\/casscale.net\\\/#website\",\"url\":\"https:\\\/\\\/casscale.net\\\/\",\"name\":\"\uce74\uc2a4\uc2a4\ucf00\uc77c\ucf54\ub9ac\uc544\",\"description\":\"A specialized company in weighing and measurement solutions\",\"publisher\":{\"@id\":\"https:\\\/\\\/casscale.net\\\/#organization\"},\"alternateName\":\"Casscale\",\"potentialAction\":[{\"@type\":\"SearchAction\",\"target\":{\"@type\":\"EntryPoint\",\"urlTemplate\":\"https:\\\/\\\/casscale.net\\\/?s={search_term_string}\"},\"query-input\":{\"@type\":\"PropertyValueSpecification\",\"valueRequired\":true,\"valueName\":\"search_term_string\"}}],\"inLanguage\":\"en-US\"},{\"@type\":\"Organization\",\"@id\":\"https:\\\/\\\/casscale.net\\\/#organization\",\"name\":\"\uce74\uc2a4\uc2a4\ucf00\uc77c\ucf54\ub9ac\uc544\",\"alternateName\":\"Casscale Korea\",\"url\":\"https:\\\/\\\/casscale.net\\\/\",\"logo\":{\"@type\":\"ImageObject\",\"inLanguage\":\"en-US\",\"@id\":\"https:\\\/\\\/casscale.net\\\/#\\\/schema\\\/logo\\\/image\\\/\",\"url\":\"https:\\\/\\\/casscale.net\\\/wp-content\\\/uploads\\\/2025\\\/07\\\/cropped-logo4.png\",\"contentUrl\":\"https:\\\/\\\/casscale.net\\\/wp-content\\\/uploads\\\/2025\\\/07\\\/cropped-logo4.png\",\"width\":512,\"height\":512,\"caption\":\"\uce74\uc2a4\uc2a4\ucf00\uc77c\ucf54\ub9ac\uc544\"},\"image\":{\"@id\":\"https:\\\/\\\/casscale.net\\\/#\\\/schema\\\/logo\\\/image\\\/\"},\"description\":\"\uce74\uc2a4\uc2a4\ucf00\uc77c\uc740 \uc0b0\uc5c5\uc6a9 \uacc4\ub7c9 \ubc0f \uacc4\uce21 \uc194\ub8e8\uc158\uc744 \uc804\ubb38\uc73c\ub85c \ud558\ub294 \uae30\uc5c5\uc73c\ub85c, \ub85c\ub4dc\uc140, \uc0b0\uc5c5\uc6a9 \uc800\uc6b8, \uc815\ubc00 \uce21\uc815 \uc2dc\uc2a4\ud15c \ub4f1\uc744 \uc81c\uacf5\ud569\ub2c8\ub2e4. \uc815\ud655\uc131\uacfc \ub0b4\uad6c\uc131\uc744 \uae30\ubc18\uc73c\ub85c \uc0b0\uc5c5 \ud604\uc7a5\uc5d0 \uc2e0\ub8b0\ud560 \uc218 \uc788\ub294 \uc81c\ud488\uacfc \uc194\ub8e8\uc158\uc744 \uc81c\uacf5\ud569\ub2c8\ub2e4.\",\"email\":\"sales@casscale.co.kr\",\"telephone\":\"02-3665-8158\",\"legalName\":\"(\uc8fc)\uce74\uc2a4\uc2a4\ucf00\uc77c\ucf54\ub9ac\uc544\",\"foundingDate\":\"2003-01-01\",\"numberOfEmployees\":{\"@type\":\"QuantitativeValue\",\"minValue\":\"1\",\"maxValue\":\"10\"},\"publishingPrinciples\":\"https:\\\/\\\/casscale.net\\\/product\\\/\",\"ownershipFundingInfo\":\"https:\\\/\\\/casscale.net\\\/introduce\\\/\"}]}<\/script>\n<!-- \/ Yoast SEO Premium plugin. -->","yoast_head_json":{"title":"AEP transducers \/ TSTM \/ Force transducers - CAS Scale Korea Co., Ltd.","description":"Force transducer suitable for material testing machines and\u00a0test benches\u00a0in general. High mechanical resistance. Completely made of stainless steel. Completely LASER welded. Degree of protection IP67. Long term stability.  On request\u00a0ATEX\u00a0certificate (Zones 1 and 21) GAS and DUST","robots":{"index":"index","follow":"follow","max-snippet":"max-snippet:-1","max-image-preview":"max-image-preview:large","max-video-preview":"max-video-preview:-1"},"canonical":"https:\/\/casscale.net\/en\/product\/aep-transducers-tstm-force-transducers\/","og_locale":"en_US","og_type":"article","og_title":"AEP transducers \/ TSTM \/ Force transducers","og_description":"Force transducer suitable for material testing machines and\u00a0test benches\u00a0in general. High mechanical resistance. Completely made of stainless steel. Completely LASER welded. Degree of protection IP67. Long term stability.  On request\u00a0ATEX\u00a0certificate (Zones 1 and 21) GAS and DUST","og_url":"https:\/\/casscale.net\/en\/product\/aep-transducers-tstm-force-transducers\/","og_site_name":"CAS Scale Korea Co., Ltd.","article_modified_time":"2026-03-18T02:36:18+00:00","og_image":[{"width":600,"height":600,"url":"https:\/\/casscale.net\/wp-content\/uploads\/2025\/11\/TSTM.webp","type":"image\/webp"}],"twitter_card":"summary_large_image","twitter_misc":{"Est. reading time":"1 minute"},"schema":{"@context":"https:\/\/schema.org","@graph":[{"@type":"WebPage","@id":"https:\/\/casscale.net\/en\/product\/aep-transducers-tstm-force-transducers\/","url":"https:\/\/casscale.net\/en\/product\/aep-transducers-tstm-force-transducers\/","name":"AEP transducers \/ TSTM \/ Force transducers - CAS Scale Korea Co., Ltd.","isPartOf":{"@id":"https:\/\/casscale.net\/#website"},"primaryImageOfPage":{"@id":"https:\/\/casscale.net\/en\/product\/aep-transducers-tstm-force-transducers\/#primaryimage"},"image":{"@id":"https:\/\/casscale.net\/en\/product\/aep-transducers-tstm-force-transducers\/#primaryimage"},"thumbnailUrl":"https:\/\/casscale.net\/wp-content\/uploads\/2025\/11\/TSTM.webp","datePublished":"2025-11-28T00:49:56+00:00","dateModified":"2026-03-18T02:36:18+00:00","description":"Force transducer suitable for material testing machines and\u00a0test benches\u00a0in general. High mechanical resistance. Completely made of stainless steel. Completely LASER welded. Degree of protection IP67. Long term stability. On request\u00a0ATEX\u00a0certificate (Zones 1 and 21) GAS and DUST","breadcrumb":{"@id":"https:\/\/casscale.net\/en\/product\/aep-transducers-tstm-force-transducers\/#breadcrumb"},"inLanguage":"en-US","potentialAction":[{"@type":"ReadAction","target":["https:\/\/casscale.net\/en\/product\/aep-transducers-tstm-force-transducers\/"]}]},{"@type":"ImageObject","inLanguage":"en-US","@id":"https:\/\/casscale.net\/en\/product\/aep-transducers-tstm-force-transducers\/#primaryimage","url":"https:\/\/casscale.net\/wp-content\/uploads\/2025\/11\/TSTM.webp","contentUrl":"https:\/\/casscale.net\/wp-content\/uploads\/2025\/11\/TSTM.webp","width":600,"height":600},{"@type":"BreadcrumbList","@id":"https:\/\/casscale.net\/en\/product\/aep-transducers-tstm-force-transducers\/#breadcrumb","itemListElement":[{"@type":"ListItem","position":1,"name":"Home","item":"https:\/\/casscale.net\/en\/"},{"@type":"ListItem","position":2,"name":"Shop","item":"https:\/\/casscale.net\/en\/shop\/"},{"@type":"ListItem","position":3,"name":"AEP transducers \/ TSTM \/ Force transducers"}]},{"@type":"WebSite","@id":"https:\/\/casscale.net\/#website","url":"https:\/\/casscale.net\/","name":"\uce74\uc2a4\uc2a4\ucf00\uc77c\ucf54\ub9ac\uc544","description":"A specialized company in weighing and measurement solutions","publisher":{"@id":"https:\/\/casscale.net\/#organization"},"alternateName":"Casscale","potentialAction":[{"@type":"SearchAction","target":{"@type":"EntryPoint","urlTemplate":"https:\/\/casscale.net\/?s={search_term_string}"},"query-input":{"@type":"PropertyValueSpecification","valueRequired":true,"valueName":"search_term_string"}}],"inLanguage":"en-US"},{"@type":"Organization","@id":"https:\/\/casscale.net\/#organization","name":"\uce74\uc2a4\uc2a4\ucf00\uc77c\ucf54\ub9ac\uc544","alternateName":"Casscale Korea","url":"https:\/\/casscale.net\/","logo":{"@type":"ImageObject","inLanguage":"en-US","@id":"https:\/\/casscale.net\/#\/schema\/logo\/image\/","url":"https:\/\/casscale.net\/wp-content\/uploads\/2025\/07\/cropped-logo4.png","contentUrl":"https:\/\/casscale.net\/wp-content\/uploads\/2025\/07\/cropped-logo4.png","width":512,"height":512,"caption":"\uce74\uc2a4\uc2a4\ucf00\uc77c\ucf54\ub9ac\uc544"},"image":{"@id":"https:\/\/casscale.net\/#\/schema\/logo\/image\/"},"description":"\uce74\uc2a4\uc2a4\ucf00\uc77c\uc740 \uc0b0\uc5c5\uc6a9 \uacc4\ub7c9 \ubc0f \uacc4\uce21 \uc194\ub8e8\uc158\uc744 \uc804\ubb38\uc73c\ub85c \ud558\ub294 \uae30\uc5c5\uc73c\ub85c, \ub85c\ub4dc\uc140, \uc0b0\uc5c5\uc6a9 \uc800\uc6b8, \uc815\ubc00 \uce21\uc815 \uc2dc\uc2a4\ud15c \ub4f1\uc744 \uc81c\uacf5\ud569\ub2c8\ub2e4. \uc815\ud655\uc131\uacfc \ub0b4\uad6c\uc131\uc744 \uae30\ubc18\uc73c\ub85c \uc0b0\uc5c5 \ud604\uc7a5\uc5d0 \uc2e0\ub8b0\ud560 \uc218 \uc788\ub294 \uc81c\ud488\uacfc \uc194\ub8e8\uc158\uc744 \uc81c\uacf5\ud569\ub2c8\ub2e4.","email":"sales@casscale.co.kr","telephone":"02-3665-8158","legalName":"(\uc8fc)\uce74\uc2a4\uc2a4\ucf00\uc77c\ucf54\ub9ac\uc544","foundingDate":"2003-01-01","numberOfEmployees":{"@type":"QuantitativeValue","minValue":"1","maxValue":"10"},"publishingPrinciples":"https:\/\/casscale.net\/product\/","ownershipFundingInfo":"https:\/\/casscale.net\/introduce\/"}]}},"_links":{"self":[{"href":"https:\/\/casscale.net\/en\/wp-json\/wp\/v2\/product\/286094","targetHints":{"allow":["GET"]}}],"collection":[{"href":"https:\/\/casscale.net\/en\/wp-json\/wp\/v2\/product"}],"about":[{"href":"https:\/\/casscale.net\/en\/wp-json\/wp\/v2\/types\/product"}],"replies":[{"embeddable":true,"href":"https:\/\/casscale.net\/en\/wp-json\/wp\/v2\/comments?post=286094"}],"wp:featuredmedia":[{"embeddable":true,"href":"https:\/\/casscale.net\/en\/wp-json\/wp\/v2\/media\/286096"}],"wp:attachment":[{"href":"https:\/\/casscale.net\/en\/wp-json\/wp\/v2\/media?parent=286094"}],"wp:term":[{"taxonomy":"product_brand","embeddable":true,"href":"https:\/\/casscale.net\/en\/wp-json\/wp\/v2\/product_brand?post=286094"},{"taxonomy":"product_cat","embeddable":true,"href":"https:\/\/casscale.net\/en\/wp-json\/wp\/v2\/product_cat?post=286094"},{"taxonomy":"product_tag","embeddable":true,"href":"https:\/\/casscale.net\/en\/wp-json\/wp\/v2\/product_tag?post=286094"}],"curies":[{"name":"wp","href":"https:\/\/api.w.org\/{rel}","templated":true}]}}