{"id":289586,"date":"2026-02-24T14:03:45","date_gmt":"2026-02-24T05:03:45","guid":{"rendered":"https:\/\/casscale.net\/product\/sample-product\/wika-model-f1811-compression-force-transducer\/"},"modified":"2026-02-24T14:03:45","modified_gmt":"2026-02-24T05:03:45","slug":"wika-model-f1811-compression-force-transducer","status":"publish","type":"product","link":"https:\/\/casscale.net\/en\/product\/sample-product\/wika-model-f1811-compression-force-transducer\/","title":{"rendered":"WIKA \/ Model F1811 Compression force transducer"},"content":{"rendered":"<div class=\"column is-half\">\n<h4>Model F1811 Compression force transducer<\/h4>\n<p>Standard version up to 300 kN<\/p>\n<div class=\"column is-half\">\n<p>Due to its compact design, the model F1811 force transducer is used very often in industrial applications such as production lines and control units. The spherical calotte (spherical load application button) allows for a very simple force introduction.<\/p>\n<\/div>\n<div class=\"column is-half\">\n<p>Compression force transducers are used for the determination of compression forces in a wide variety of applications and are suitable for static and dynamic measuring requirements.<\/p>\n<p><strong>Specifications per VDI\/VDE\/DKD 2638<\/strong><\/p>\n<table style=\"width: 666px;\">\n<tbody>\n<tr style=\"height: 20px;\">\n<td style=\"height: 20px; width: 656px;\" colspan=\"10\">Model F1811<\/td>\n<\/tr>\n<tr style=\"height: 20px;\">\n<td style=\"height: 20px; width: 275px;\">Rated force Fnom\u00a0kN<\/td>\n<td style=\"height: 20px; width: 42px;\">2.5<\/td>\n<td style=\"height: 20px; width: 42px;\">5<\/td>\n<td style=\"height: 20px; width: 42.3854px;\">10<\/td>\n<td style=\"height: 20px; width: 41.6146px;\">20<\/td>\n<td style=\"height: 20px; width: 42px;\">30<\/td>\n<td style=\"height: 20px; width: 42px;\">50<\/td>\n<td style=\"height: 20px; width: 43px;\">100<\/td>\n<td style=\"height: 20px; width: 43px;\">200<\/td>\n<td style=\"height: 20px; width: 43px;\">300<\/td>\n<\/tr>\n<tr style=\"height: 20px;\">\n<td style=\"height: 20px; width: 275px;\">Rated force Fnom\u00a0lbf<\/td>\n<td style=\"height: 20px; width: 42px;\">552<\/td>\n<td style=\"height: 20px; width: 42px;\">1,124<\/td>\n<td style=\"height: 20px; width: 42.3854px;\">2,250<\/td>\n<td style=\"height: 20px; width: 41.6146px;\">4,500<\/td>\n<td style=\"height: 20px; width: 42px;\">6,744<\/td>\n<td style=\"height: 20px; width: 42px;\">11,240<\/td>\n<td style=\"height: 20px; width: 43px;\">22,500<\/td>\n<td style=\"height: 20px; width: 43px;\">45,000<\/td>\n<td style=\"height: 20px; width: 43px;\">67,443<\/td>\n<\/tr>\n<tr style=\"height: 20px;\">\n<td style=\"height: 20px; width: 275px;\">Relative linearity error dlin<\/td>\n<td style=\"height: 20px; width: 381px;\" colspan=\"9\">0.1 % Fnom<\/td>\n<\/tr>\n<tr style=\"height: 20px;\">\n<td style=\"height: 20px; width: 275px;\">Relative creep, 30 min. at Fnom<\/td>\n<td style=\"height: 20px; width: 381px;\" colspan=\"9\">0.1 % Fnom<\/td>\n<\/tr>\n<tr style=\"height: 20px;\">\n<td style=\"height: 20px; width: 275px;\">Relative reversibility error v<\/td>\n<td style=\"height: 20px; width: 381px;\" colspan=\"9\">0.1 % Fnom<\/td>\n<\/tr>\n<tr style=\"height: 40px;\">\n<td style=\"height: 40px; width: 275px;\">Relative span in unchanged mounting situation brg<\/td>\n<td style=\"height: 40px; width: 381px;\" colspan=\"9\">0.1 % Fnom<\/td>\n<\/tr>\n<tr style=\"height: 20px;\">\n<td style=\"height: 20px; width: 275px;\">Relative deviation of zero signal dS,\u00a00<\/td>\n<td style=\"height: 20px; width: 381px;\" colspan=\"9\">\u00b12 % Fnom<\/td>\n<\/tr>\n<tr style=\"height: 20px;\">\n<td style=\"height: 20px; width: 275px;\">Temperature effect on the zero signal TK0<\/td>\n<td style=\"height: 20px; width: 381px;\" colspan=\"9\">0.05 % Fnom\/10 K<\/td>\n<\/tr>\n<tr style=\"height: 40px;\">\n<td style=\"height: 40px; width: 275px;\">Temperature effect on the characteristic value TKC<\/td>\n<td style=\"height: 40px; width: 381px;\" colspan=\"9\">0.05 % Fnom\/10 K<\/td>\n<\/tr>\n<tr style=\"height: 20px;\">\n<td style=\"height: 20px; width: 275px;\">Limit force FL<\/td>\n<td style=\"height: 20px; width: 381px;\" colspan=\"9\">150 % Fnom<\/td>\n<\/tr>\n<tr style=\"height: 20px;\">\n<td style=\"height: 20px; width: 275px;\">Breaking force FB<\/td>\n<td style=\"height: 20px; width: 381px;\" colspan=\"9\">200 % Fnom<\/td>\n<\/tr>\n<tr style=\"height: 20px;\">\n<td style=\"height: 20px; width: 275px;\">Material of the measuring body<\/td>\n<td style=\"height: 20px; width: 381px;\" colspan=\"9\">Stainless steel<\/td>\n<\/tr>\n<tr style=\"height: 20px;\">\n<td style=\"height: 20px; width: 275px;\">Rated temperature range BT, nom<\/td>\n<td style=\"height: 20px; width: 381px;\" colspan=\"9\">-10 \u2026 +60 \u00b0C [-50 \u2026 +140 \u00b0F]<\/td>\n<\/tr>\n<tr style=\"height: 20px;\">\n<td style=\"height: 20px; width: 275px;\">Service temperature range BT,\u00a0G<\/td>\n<td style=\"height: 20px; width: 381px;\" colspan=\"9\">-20 \u2026 +80 \u00b0C [-68 \u2026 +176 \u00b0F]<\/td>\n<\/tr>\n<tr style=\"height: 20px;\">\n<td style=\"height: 20px; width: 275px;\">Input resistance Re<\/td>\n<td style=\"height: 20px; width: 381px;\" colspan=\"9\">750 \u00b110 \u03a9<\/td>\n<\/tr>\n<tr style=\"height: 20px;\">\n<td style=\"height: 20px; width: 275px;\">Output resistance Ra<\/td>\n<td style=\"height: 20px; width: 381px;\" colspan=\"9\">700 \u00b15 \u03a9<\/td>\n<\/tr>\n<tr style=\"height: 20px;\">\n<td style=\"height: 20px; width: 275px;\">Insulation resistance Ris<\/td>\n<td style=\"height: 20px; width: 381px;\" colspan=\"9\">\u2265 5,000 M\u03a9\/DC 100 V<\/td>\n<\/tr>\n<tr style=\"height: 40.9583px;\">\n<td style=\"height: 40.9583px; width: 275px;\">Output signal (rated characteristic value) Cnom<\/td>\n<td style=\"height: 40.9583px; width: 381px;\" colspan=\"9\">1.5 \u00b10.15 mV\/V<\/td>\n<\/tr>\n<tr style=\"height: 20px;\">\n<td style=\"height: 20px; width: 275px;\">Electrical connection<\/td>\n<td style=\"height: 20px; width: 381px;\" colspan=\"9\">Cable \u00d8 5 \u00d7 5,000 mm [\u00d8 0.197 in \u00d7 197 in]<\/td>\n<\/tr>\n<tr style=\"height: 20px;\">\n<td style=\"height: 20px; width: 275px;\">Voltage supply<\/td>\n<td style=\"height: 20px; width: 381px;\" colspan=\"9\">DC 10 V (max. 15 V)<\/td>\n<\/tr>\n<tr style=\"height: 20px;\">\n<td style=\"height: 20px; width: 275px;\">Ingress protection (per IEC\/EN 60529)<\/td>\n<td style=\"height: 20px; width: 381px;\" colspan=\"9\">IP66<\/td>\n<\/tr>\n<tr style=\"height: 20px;\">\n<td style=\"height: 20px; width: 656px;\" colspan=\"10\">Weight<\/td>\n<\/tr>\n<tr style=\"height: 20px;\">\n<td style=\"height: 20px; width: 275px;\">2.5 kN &#8230; 100 kN<\/td>\n<td style=\"height: 20px; width: 381px;\" colspan=\"9\">1.2 kg [2.65 lbs]<\/td>\n<\/tr>\n<tr style=\"height: 20px;\">\n<td style=\"height: 20px; width: 275px;\">200 kN<\/td>\n<td style=\"height: 20px; width: 381px;\" colspan=\"9\">1.6 kg [3.53 lbs]<\/td>\n<\/tr>\n<tr style=\"height: 20px;\">\n<td style=\"height: 20px; width: 275px;\">300 kN<\/td>\n<td style=\"height: 20px; width: 381px;\" colspan=\"9\">3.2 kg [7.05 lbs]<\/td>\n<\/tr>\n<\/tbody>\n<\/table>\n<p><strong>Dimensions in mm [in]<\/strong><\/p>\n<p><img fetchpriority=\"high\" decoding=\"async\" class=\"alignnone size-full wp-image-289582\" src=\"https:\/\/casscale.net\/wp-content\/uploads\/2026\/02\/F1811.png\" alt=\"\" width=\"1140\" height=\"487\" srcset=\"https:\/\/casscale.net\/wp-content\/uploads\/2026\/02\/F1811.png 1140w, https:\/\/casscale.net\/wp-content\/uploads\/2026\/02\/F1811-800x342.png 800w, https:\/\/casscale.net\/wp-content\/uploads\/2026\/02\/F1811-768x328.png 768w, https:\/\/casscale.net\/wp-content\/uploads\/2026\/02\/F1811-600x256.png 600w, https:\/\/casscale.net\/wp-content\/uploads\/2026\/02\/F1811-64x27.png 64w\" sizes=\"(max-width: 1140px) 100vw, 1140px\" \/><\/p>\n<table>\n<tbody>\n<tr>\n<td rowspan=\"2\" width=\"174\">Rated force in kN [lbf]<\/td>\n<td colspan=\"11\" width=\"487\">Dimensions in mm [in]<\/td>\n<\/tr>\n<tr>\n<td width=\"45\">\u00d8A<\/td>\n<td width=\"42\">B<\/td>\n<td width=\"42\">C<\/td>\n<td width=\"42\">\u00d8D<\/td>\n<td width=\"45\">SR E<\/td>\n<td width=\"45\">F<\/td>\n<td width=\"45\">G<\/td>\n<td width=\"45\">\u00d8K<\/td>\n<td width=\"45\">H<\/td>\n<td width=\"45\">L<\/td>\n<td width=\"45\">M<\/td>\n<\/tr>\n<tr>\n<td width=\"174\">2.5 [552] \/ 5 [1,124] \/ 10 [2,250] \/ 20 [4,500] \/ 30 [6,744] \/ 50 [11,240] \/ 100 [22,500]<\/td>\n<td width=\"45\">82 [3.23]<\/td>\n<td width=\"42\">44 [1.73]<\/td>\n<td width=\"42\">32 [1.26]<\/td>\n<td width=\"42\">22 [0.87]<\/td>\n<td width=\"45\">50 [1.97]<\/td>\n<td width=\"45\">14 [0.55]<\/td>\n<td width=\"45\">13 [0.51]<\/td>\n<td width=\"45\">68 [2.67]<\/td>\n<td width=\"45\">M8<\/td>\n<td width=\"45\">5,000 [197]<\/td>\n<td width=\"45\">15.7 [0.62]<\/td>\n<\/tr>\n<tr>\n<td width=\"174\">200 [45,000]<\/td>\n<td width=\"45\">100 [3.94]<\/td>\n<td width=\"42\">48 [1.89]<\/td>\n<td width=\"42\">36 [1.41]<\/td>\n<td width=\"42\">28 [1.10]<\/td>\n<td width=\"45\">100 [3.94]<\/td>\n<td width=\"45\">14 [0.55]<\/td>\n<td width=\"45\">13 [0.51]<\/td>\n<td width=\"45\">80 [3.15]<\/td>\n<td width=\"45\">M8<\/td>\n<td width=\"45\">5,000 [197]<\/td>\n<td width=\"45\">15.7 [0.62]<\/td>\n<\/tr>\n<tr>\n<td width=\"174\">300 [67,443]<\/td>\n<td width=\"45\">126 [4.96]<\/td>\n<td width=\"42\">54 [2.12]<\/td>\n<td width=\"42\">40 [1.57]<\/td>\n<td width=\"42\">35 [1.38]<\/td>\n<td width=\"45\">100 [3.94]<\/td>\n<td width=\"45\">14 [0.55]<\/td>\n<td width=\"45\">13 [0.51]<\/td>\n<td width=\"45\">101 [3.98]<\/td>\n<td width=\"45\">M10<\/td>\n<td width=\"45\">5,000 [197]<\/td>\n<td width=\"45\">15.7 [0.62]<\/td>\n<\/tr>\n<\/tbody>\n<\/table>\n<p><strong>Pin assignment<\/strong><\/p>\n<table>\n<tbody>\n<tr>\n<td colspan=\"2\" width=\"321\">Electrical connection<\/td>\n<\/tr>\n<tr>\n<td width=\"170\">Excitation voltage (+)<\/td>\n<td width=\"151\">Red<\/td>\n<\/tr>\n<tr>\n<td width=\"170\">Excitation voltage (-)<\/td>\n<td width=\"151\">Black<\/td>\n<\/tr>\n<tr>\n<td width=\"170\">Signal (+)<\/td>\n<td width=\"151\">Green<\/td>\n<\/tr>\n<tr>\n<td width=\"170\">Signal (-)<\/td>\n<td width=\"151\">White<\/td>\n<\/tr>\n<tr>\n<td width=\"170\">Shield<\/td>\n<td width=\"151\">Shield<\/td>\n<\/tr>\n<\/tbody>\n<\/table>\n<p><img decoding=\"async\" class=\"alignnone  wp-image-289584\" src=\"https:\/\/casscale.net\/wp-content\/uploads\/2026\/02\/F1811_2.png\" alt=\"\" width=\"403\" height=\"157\" srcset=\"https:\/\/casscale.net\/wp-content\/uploads\/2026\/02\/F1811_2.png 751w, https:\/\/casscale.net\/wp-content\/uploads\/2026\/02\/F1811_2-600x233.png 600w, https:\/\/casscale.net\/wp-content\/uploads\/2026\/02\/F1811_2-64x25.png 64w\" sizes=\"(max-width: 403px) 100vw, 403px\" \/><\/p>\n<\/div>\n<\/div>\n","protected":false},"excerpt":{"rendered":"<section>\n<section>\n<section>\n<section>\n<section>\n<h6>Applications<\/h6>\n<ul>\n<li>Measuring and control systems<\/li>\n<li>Production lines<\/li>\n<li>Presses<\/li>\n<li>Platform scales for trucks<\/li>\n<\/ul>\n<\/section>\n<section>\n<h6>Special features<\/h6>\n<ul>\n<li>Measuring ranges 0 &#8230; 2.5 kN to 0&#8230; 300 kN<\/li>\n<li>Relative linearity error 0.1 % F<sub>nom<\/sub><\/li>\n<li>Stainless steel version, completely welded<\/li>\n<li>Low installation height, easy to install<\/li>\n<li>Ingress protection IP67<\/li>\n<\/ul>\n<\/section>\n<\/section>\n<\/section>\n<\/section>\n<\/section>\n","protected":false},"featured_media":289581,"comment_status":"open","ping_status":"closed","template":"","meta":{"_acf_changed":false},"product_brand":[5506],"product_cat":[3448],"product_tag":[5037,5508],"class_list":{"0":"post-289586","1":"product","2":"type-product","3":"status-publish","4":"has-post-thumbnail","6":"product_brand-wika","7":"product_cat-force-sensor","8":"product_tag-compression-en","9":"product_tag--en","11":"first","12":"instock","13":"taxable","14":"shipping-taxable","15":"product-type-simple"},"acf":[],"aioseo_notices":[],"_links":{"self":[{"href":"https:\/\/casscale.net\/en\/wp-json\/wp\/v2\/product\/289586","targetHints":{"allow":["GET"]}}],"collection":[{"href":"https:\/\/casscale.net\/en\/wp-json\/wp\/v2\/product"}],"about":[{"href":"https:\/\/casscale.net\/en\/wp-json\/wp\/v2\/types\/product"}],"replies":[{"embeddable":true,"href":"https:\/\/casscale.net\/en\/wp-json\/wp\/v2\/comments?post=289586"}],"wp:featuredmedia":[{"embeddable":true,"href":"https:\/\/casscale.net\/en\/wp-json\/wp\/v2\/media\/289581"}],"wp:attachment":[{"href":"https:\/\/casscale.net\/en\/wp-json\/wp\/v2\/media?parent=289586"}],"wp:term":[{"taxonomy":"product_brand","embeddable":true,"href":"https:\/\/casscale.net\/en\/wp-json\/wp\/v2\/product_brand?post=289586"},{"taxonomy":"product_cat","embeddable":true,"href":"https:\/\/casscale.net\/en\/wp-json\/wp\/v2\/product_cat?post=289586"},{"taxonomy":"product_tag","embeddable":true,"href":"https:\/\/casscale.net\/en\/wp-json\/wp\/v2\/product_tag?post=289586"}],"curies":[{"name":"wp","href":"https:\/\/api.w.org\/{rel}","templated":true}]}}