{"id":289592,"date":"2026-02-24T14:09:19","date_gmt":"2026-02-24T05:09:19","guid":{"rendered":"https:\/\/casscale.net\/product\/sample-product\/wika-model-f1814-compression-force-transducer\/"},"modified":"2026-02-24T14:09:19","modified_gmt":"2026-02-24T05:09:19","slug":"wika-model-f1814-compression-force-transducer","status":"publish","type":"product","link":"https:\/\/casscale.net\/en\/product\/sample-product\/wika-model-f1814-compression-force-transducer\/","title":{"rendered":"WIKA \/ Model F1814 Compression force transducer"},"content":{"rendered":"<div class=\"column is-half\">\n<h4>Model F1814 Compression force transducer<\/h4>\n<p>Miniature design to 1,000 N<\/p>\n<div class=\"column is-half\">\n<p>The model F1814 miniature compression force transducer, with measuring ranges up to 1,000 N, is particularly suitable for use in areas where installation space is critical.<\/p>\n<\/div>\n<div class=\"column is-half\">\n<p>Due to its very small dimensions and solid construction, this miniature force transducer, manufactured from stainless steel or aluminium, can be used in the widest range of industrial areas, in test facilities and in the laboratory.<\/p>\n<p><strong>Specifications per VDI\/VDE\/DKD 2638<\/strong><\/p>\n<table>\n<tbody>\n<tr>\n<td colspan=\"7\" width=\"661\">Model F1814<\/td>\n<\/tr>\n<tr>\n<td width=\"272\">Rated force Fnom\u00a0N<\/td>\n<td width=\"65\">50<\/td>\n<td width=\"65\">100<\/td>\n<td width=\"65\">200<\/td>\n<td width=\"65\">300<\/td>\n<td width=\"65\">500<\/td>\n<td width=\"65\">1,000<\/td>\n<\/tr>\n<tr>\n<td width=\"272\">Rated force Fnom\u00a0lbf<\/td>\n<td width=\"65\">11.24<\/td>\n<td width=\"65\">22.5<\/td>\n<td width=\"65\">45<\/td>\n<td width=\"65\">67.44<\/td>\n<td width=\"65\">112<\/td>\n<td width=\"65\">225<\/td>\n<\/tr>\n<tr>\n<td width=\"272\">Relative linearity error dlin<\/td>\n<td colspan=\"6\" width=\"389\">1 % Fnom<\/td>\n<\/tr>\n<tr>\n<td width=\"272\">Relative reversibility error v<\/td>\n<td colspan=\"6\" width=\"389\">0.5 % Fnom<\/td>\n<\/tr>\n<tr>\n<td width=\"272\">Relative span in unchanged mounting situation brg<\/td>\n<td colspan=\"6\" width=\"389\">0.5 % Fnom<\/td>\n<\/tr>\n<tr>\n<td width=\"272\">Limit force FL<\/td>\n<td colspan=\"6\" width=\"389\">120 % Fnom<\/td>\n<\/tr>\n<tr>\n<td width=\"272\">Breaking force FB<\/td>\n<td colspan=\"6\" width=\"389\">150 % Fnom<\/td>\n<\/tr>\n<tr>\n<td colspan=\"7\" width=\"661\">Material of the measuring body<\/td>\n<\/tr>\n<tr>\n<td width=\"272\">30 N<\/td>\n<td colspan=\"6\" width=\"389\">Aluminium<\/td>\n<\/tr>\n<tr>\n<td width=\"272\">\u2265 50 N<\/td>\n<td colspan=\"6\" width=\"389\">Stainless steel<\/td>\n<\/tr>\n<tr>\n<td width=\"272\">Service temperature range BT,\u00a0G<\/td>\n<td colspan=\"6\" width=\"389\">-20 \u2026 +80 \u00b0C [-68 \u2026 +176 \u00b0F]<\/td>\n<\/tr>\n<tr>\n<td width=\"272\">Input resistance Re<\/td>\n<td colspan=\"6\" width=\"389\">1,030 \u00b180 \u03a9<\/td>\n<\/tr>\n<tr>\n<td width=\"272\">Output resistance Ra<\/td>\n<td colspan=\"6\" width=\"389\">1,030 \u00b180 \u03a9<\/td>\n<\/tr>\n<tr>\n<td width=\"272\">Insulation resistance Ris<\/td>\n<td colspan=\"6\" width=\"389\">\u2265 5,000 M\u03a9\/DC 100 V<\/td>\n<\/tr>\n<tr>\n<td width=\"272\">Output signal (rated characteristic value) Cnom<\/td>\n<td colspan=\"6\" width=\"389\">1.0 \u00b10.1 mV\/V<\/td>\n<\/tr>\n<tr>\n<td width=\"272\">Electrical connection<\/td>\n<td colspan=\"6\" width=\"389\">Cable \u00d8 2 \u00d7 3,000 mm [\u00d8 0.1 in x 118 in]<\/td>\n<\/tr>\n<tr>\n<td width=\"272\">Voltage supply<\/td>\n<td colspan=\"6\" width=\"389\">DC 5 V (max. 7 V)<\/td>\n<\/tr>\n<tr>\n<td width=\"272\">Ingress protection (per IEC\/EN 60529)<\/td>\n<td colspan=\"6\" width=\"389\">IP64<\/td>\n<\/tr>\n<tr>\n<td width=\"272\">Weight<\/td>\n<td colspan=\"6\" width=\"389\">0.1 kg [0.22 lbs]<\/td>\n<\/tr>\n<\/tbody>\n<\/table>\n<p><strong>Dimensions in mm [in]<\/strong><\/p>\n<p><img fetchpriority=\"high\" decoding=\"async\" class=\"alignnone size-full wp-image-289590\" src=\"https:\/\/casscale.net\/wp-content\/uploads\/2026\/02\/ds_fo5157_en_co.jpeg\" alt=\"\" width=\"1255\" height=\"419\" srcset=\"https:\/\/casscale.net\/wp-content\/uploads\/2026\/02\/ds_fo5157_en_co.jpeg 1255w, https:\/\/casscale.net\/wp-content\/uploads\/2026\/02\/ds_fo5157_en_co-800x267.jpeg 800w, https:\/\/casscale.net\/wp-content\/uploads\/2026\/02\/ds_fo5157_en_co-768x256.jpeg 768w, https:\/\/casscale.net\/wp-content\/uploads\/2026\/02\/ds_fo5157_en_co-600x200.jpeg 600w, https:\/\/casscale.net\/wp-content\/uploads\/2026\/02\/ds_fo5157_en_co-64x21.jpeg 64w\" sizes=\"(max-width: 1255px) 100vw, 1255px\" \/><\/p>\n<p>SR = spherical radius<\/p>\n<table>\n<tbody>\n<tr>\n<td rowspan=\"2\" width=\"138\">Rated force in N [lbf]<\/td>\n<td colspan=\"9\" width=\"523\">Dimensions in mm [in]<\/td>\n<\/tr>\n<tr>\n<td width=\"58\">\u00d8A<\/td>\n<td width=\"58\">\u00d8B<\/td>\n<td width=\"58\">SR C<\/td>\n<td width=\"53\">D<\/td>\n<td width=\"57\">E<\/td>\n<td width=\"57\">F<\/td>\n<td width=\"60\">G<\/td>\n<td width=\"58\">\u00d8H<\/td>\n<td width=\"67\">L<\/td>\n<\/tr>\n<tr>\n<td width=\"138\">50 [11.24] \/ 100 [22.5]<\/td>\n<td width=\"58\">1.5 [0.06]<\/td>\n<td width=\"58\">10 [0.39]<\/td>\n<td width=\"58\">5 [0.19]<\/td>\n<td width=\"53\">6 [0.24]<\/td>\n<td width=\"57\">5.2 [0.20]<\/td>\n<td width=\"57\">50 [1.97]<\/td>\n<td width=\"60\">150 [5.90]<\/td>\n<td width=\"58\">8 [0.31]<\/td>\n<td width=\"67\">3,000 [118]<\/td>\n<\/tr>\n<tr>\n<td width=\"138\">200 [45] \/ 300 [67.44]<\/td>\n<td width=\"58\">2 [0.08]<\/td>\n<td width=\"58\">10 [0.39]<\/td>\n<td width=\"58\">8 [0.31]<\/td>\n<td width=\"53\">6 [0.24]<\/td>\n<td width=\"57\">5.2 [0.20]<\/td>\n<td width=\"57\">50 [1.97]<\/td>\n<td width=\"60\">150 [5.90]<\/td>\n<td width=\"58\">8 [0.31]<\/td>\n<td width=\"67\">3,000 [118]<\/td>\n<\/tr>\n<tr>\n<td width=\"138\">500 [112] \/ 1,000 [225]<\/td>\n<td width=\"58\">2.5 [0.1]<\/td>\n<td width=\"58\">10 [0.39]<\/td>\n<td width=\"58\">10 [0.39]<\/td>\n<td width=\"53\">6 [0.24]<\/td>\n<td width=\"57\">5.2 [0.20]<\/td>\n<td width=\"57\">50 [1.97]<\/td>\n<td width=\"60\">150 [5.90]<\/td>\n<td width=\"58\">8 [0.31]<\/td>\n<td width=\"67\">3,000 [118]<\/td>\n<\/tr>\n<\/tbody>\n<\/table>\n<p><strong>Pin assignment<\/strong><\/p>\n<table>\n<tbody>\n<tr>\n<td colspan=\"2\" width=\"321\">Electrical connection<\/td>\n<\/tr>\n<tr>\n<td width=\"151\">Excitation voltage (+)<\/td>\n<td width=\"170\">Red<\/td>\n<\/tr>\n<tr>\n<td width=\"151\">Excitation voltage (-)<\/td>\n<td width=\"170\">Black<\/td>\n<\/tr>\n<tr>\n<td width=\"151\">Signal (+)<\/td>\n<td width=\"170\">Green<\/td>\n<\/tr>\n<tr>\n<td width=\"151\">Signal (-)<\/td>\n<td width=\"170\">White<\/td>\n<\/tr>\n<tr>\n<td width=\"151\">Shield<\/td>\n<td width=\"170\">Shield<\/td>\n<\/tr>\n<\/tbody>\n<\/table>\n<p><img decoding=\"async\" class=\"alignnone  wp-image-289584\" src=\"https:\/\/casscale.net\/wp-content\/uploads\/2026\/02\/F1811_2.png\" alt=\"\" width=\"408\" height=\"159\" srcset=\"https:\/\/casscale.net\/wp-content\/uploads\/2026\/02\/F1811_2.png 751w, https:\/\/casscale.net\/wp-content\/uploads\/2026\/02\/F1811_2-600x233.png 600w, https:\/\/casscale.net\/wp-content\/uploads\/2026\/02\/F1811_2-64x25.png 64w\" sizes=\"(max-width: 408px) 100vw, 408px\" \/><\/p>\n<\/div>\n<\/div>\n","protected":false},"excerpt":{"rendered":"<section>\n<section>\n<section>\n<section>\n<section>\n<section>\n<h6>Applications<\/h6>\n<ul>\n<li>Equipment manufacturing, production lines<\/li>\n<li>Measuring and control systems<\/li>\n<li>Precision engineering<\/li>\n<li>Materials testing machinery<\/li>\n<li>Laboratory<\/li>\n<\/ul>\n<\/section>\n<section>\n<h6>Special features<\/h6>\n<ul>\n<li>Measuring ranges 0 &#8230; 50 N to 0 &#8230; 1,000 N<\/li>\n<li>Relative linearity error 1 % F<sub>nom<\/sub><\/li>\n<li>Stainless steel or aluminium version<\/li>\n<li>Low installation height, easy to install<\/li>\n<li>Ingress protection IP64<\/li>\n<\/ul>\n<\/section>\n<\/section>\n<\/section>\n<\/section>\n<\/section>\n<\/section>\n","protected":false},"featured_media":289589,"comment_status":"open","ping_status":"closed","template":"","meta":{"_acf_changed":false},"product_brand":[5506],"product_cat":[3448],"product_tag":[5037,5508],"class_list":{"0":"post-289592","1":"product","2":"type-product","3":"status-publish","4":"has-post-thumbnail","6":"product_brand-wika","7":"product_cat-force-sensor","8":"product_tag-compression-en","9":"product_tag--en","11":"first","12":"instock","13":"taxable","14":"shipping-taxable","15":"product-type-simple"},"acf":[],"aioseo_notices":[],"_links":{"self":[{"href":"https:\/\/casscale.net\/en\/wp-json\/wp\/v2\/product\/289592","targetHints":{"allow":["GET"]}}],"collection":[{"href":"https:\/\/casscale.net\/en\/wp-json\/wp\/v2\/product"}],"about":[{"href":"https:\/\/casscale.net\/en\/wp-json\/wp\/v2\/types\/product"}],"replies":[{"embeddable":true,"href":"https:\/\/casscale.net\/en\/wp-json\/wp\/v2\/comments?post=289592"}],"wp:featuredmedia":[{"embeddable":true,"href":"https:\/\/casscale.net\/en\/wp-json\/wp\/v2\/media\/289589"}],"wp:attachment":[{"href":"https:\/\/casscale.net\/en\/wp-json\/wp\/v2\/media?parent=289592"}],"wp:term":[{"taxonomy":"product_brand","embeddable":true,"href":"https:\/\/casscale.net\/en\/wp-json\/wp\/v2\/product_brand?post=289592"},{"taxonomy":"product_cat","embeddable":true,"href":"https:\/\/casscale.net\/en\/wp-json\/wp\/v2\/product_cat?post=289592"},{"taxonomy":"product_tag","embeddable":true,"href":"https:\/\/casscale.net\/en\/wp-json\/wp\/v2\/product_tag?post=289592"}],"curies":[{"name":"wp","href":"https:\/\/api.w.org\/{rel}","templated":true}]}}