{"id":289598,"date":"2026-02-24T14:23:23","date_gmt":"2026-02-24T05:23:23","guid":{"rendered":"https:\/\/casscale.net\/product\/sample-product\/wika-model-f1818-compression-force-transducer\/"},"modified":"2026-02-24T14:23:23","modified_gmt":"2026-02-24T05:23:23","slug":"wika-model-f1818-compression-force-transducer","status":"publish","type":"product","link":"https:\/\/casscale.net\/en\/product\/sample-product\/wika-model-f1818-compression-force-transducer\/","title":{"rendered":"WIKA \/ Model F1818 Compression force transducer"},"content":{"rendered":"<div class=\"column is-half\">\n<h4>Model F1818 Compression force transducer<\/h4>\n<p>Miniature design to 5 kN<\/p>\n<div class=\"column is-half\">\n<p>The miniature model F1818 compression force transducer is suitable for measuring static and dynamic compression forces to 5 kN. The low overall height and small external diameter enable simple installation in machinery or test instruments and they can therefore be used in the widest variety of industrial areas. With this, it is also ideally suited for the measurement of compression forces in areas where installation space is critical.<\/p>\n<\/div>\n<div class=\"column is-half\">\n<p>Fields of application include test rigs for a variety of purposes, monitoring and control of manufacturing processes, in test facilities and laboratories.<\/p>\n<\/div>\n<p><strong>Specifications per VDI\/VDE\/DKD 2638<\/strong><\/p>\n<table>\n<tbody>\n<tr>\n<td colspan=\"8\" width=\"661\"><strong>Model F1818<\/strong><\/td>\n<\/tr>\n<tr>\n<td width=\"272\"><strong>Rated force F<\/strong><strong>nom\u00a0<\/strong><strong>kN<\/strong><\/td>\n<td width=\"56\">0.05<\/td>\n<td width=\"56\">0.1<\/td>\n<td width=\"56\">0.2<\/td>\n<td width=\"56\">0.5<\/td>\n<td width=\"56\">1<\/td>\n<td width=\"56\">2<\/td>\n<td width=\"56\">5<\/td>\n<\/tr>\n<tr>\n<td width=\"272\"><strong>Rated force F<\/strong><strong>nom\u00a0<\/strong><strong>lbf<\/strong><\/td>\n<td width=\"56\">11.24<\/td>\n<td width=\"56\">22.5<\/td>\n<td width=\"56\">45<\/td>\n<td width=\"56\">112<\/td>\n<td width=\"56\">225<\/td>\n<td width=\"56\">450<\/td>\n<td width=\"56\">1,124<\/td>\n<\/tr>\n<tr>\n<td width=\"272\"><strong>Relative linearity error d<\/strong><strong>lin<\/strong><\/td>\n<td colspan=\"7\" width=\"389\">0.5 % Fnom<\/td>\n<\/tr>\n<tr>\n<td width=\"272\"><strong>Relative reversibility error v<\/strong><\/td>\n<td colspan=\"7\" width=\"389\">0.5 % Fnom<\/td>\n<\/tr>\n<tr>\n<td width=\"272\"><strong>Relative span in unchanged mounting situation b<\/strong><strong>rg<\/strong><\/td>\n<td colspan=\"7\" width=\"389\">0.1 % Fnom<\/td>\n<\/tr>\n<tr>\n<td width=\"272\"><strong>Relative deviation of zero signal d<\/strong><strong>S, 0<\/strong><\/td>\n<td colspan=\"7\" width=\"389\">\u00b12 % Fnom<\/td>\n<\/tr>\n<tr>\n<td width=\"272\"><strong>Limit force F<\/strong><strong>L<\/strong><\/td>\n<td colspan=\"7\" width=\"389\">150 % Fnom<\/td>\n<\/tr>\n<tr>\n<td width=\"272\"><strong>Breaking force F<\/strong><strong>B<\/strong><\/td>\n<td colspan=\"7\" width=\"389\">200 % Fnom<\/td>\n<\/tr>\n<tr>\n<td width=\"272\"><strong>Material of the measuring body<\/strong><\/td>\n<td colspan=\"7\" width=\"389\">Stainless steel<\/td>\n<\/tr>\n<tr>\n<td width=\"272\"><strong>Service temperature range B<\/strong><strong>T, G<\/strong><\/td>\n<td colspan=\"7\" width=\"389\">-20 \u2026 +80 \u00b0C [-68 \u2026 +176 \u00b0F]<\/td>\n<\/tr>\n<tr>\n<td width=\"272\"><strong>Input resistance R<\/strong><strong>e<\/strong><\/td>\n<td colspan=\"7\" width=\"389\">350 \u00b110 \u03a9<\/td>\n<\/tr>\n<tr>\n<td width=\"272\"><strong>Output resistance R<\/strong><strong>a<\/strong><\/td>\n<td colspan=\"7\" width=\"389\">350 \u00b15 \u03a9<\/td>\n<\/tr>\n<tr>\n<td width=\"272\"><strong>Insulation resistance Ris<\/strong><\/td>\n<td colspan=\"7\" width=\"389\">\u2265 5,000 M\u03a9\/DC 100 V<\/td>\n<\/tr>\n<tr>\n<td width=\"272\"><strong>Output signal (rated characteristic value) C<\/strong><strong>nom<\/strong><\/td>\n<td colspan=\"7\" width=\"389\">1.5 \u00b10.15 mV\/V<\/td>\n<\/tr>\n<tr>\n<td width=\"272\"><strong>Electrical connection<\/strong><\/td>\n<td colspan=\"7\" width=\"389\">Cable \u00d8 2 \u00d7 3,000 mm [\u00d8 0.1 in x 118 in]<\/td>\n<\/tr>\n<tr>\n<td width=\"272\"><strong>Voltage<\/strong>\u00a0<strong>supply<\/strong><\/td>\n<td colspan=\"7\" width=\"389\">DC 5 V (max. 10 V)<\/td>\n<\/tr>\n<tr>\n<td width=\"272\"><strong>Ingress protection (per IEC\/EN 60529)<\/strong><\/td>\n<td colspan=\"7\" width=\"389\">IP65<\/td>\n<\/tr>\n<tr>\n<td width=\"272\"><strong>Weight<\/strong><\/td>\n<td colspan=\"7\" width=\"389\">0.1 kg [0.22 lbs]<\/td>\n<\/tr>\n<\/tbody>\n<\/table>\n<p><strong>Dimensions in mm [in]<\/strong><\/p>\n<p><img fetchpriority=\"high\" decoding=\"async\" class=\"alignnone size-full wp-image-289596\" src=\"https:\/\/casscale.net\/wp-content\/uploads\/2026\/02\/ds_fo5158_en_co.jpeg\" alt=\"\" width=\"1283\" height=\"931\" srcset=\"https:\/\/casscale.net\/wp-content\/uploads\/2026\/02\/ds_fo5158_en_co.jpeg 1283w, https:\/\/casscale.net\/wp-content\/uploads\/2026\/02\/ds_fo5158_en_co-551x400.jpeg 551w, https:\/\/casscale.net\/wp-content\/uploads\/2026\/02\/ds_fo5158_en_co-1102x800.jpeg 1102w, https:\/\/casscale.net\/wp-content\/uploads\/2026\/02\/ds_fo5158_en_co-768x557.jpeg 768w, https:\/\/casscale.net\/wp-content\/uploads\/2026\/02\/ds_fo5158_en_co-600x435.jpeg 600w, https:\/\/casscale.net\/wp-content\/uploads\/2026\/02\/ds_fo5158_en_co-64x46.jpeg 64w\" sizes=\"(max-width: 1283px) 100vw, 1283px\" \/><\/p>\n<p>SR = spherical radius<\/p>\n<p><strong>Pin assignment<\/strong><\/p>\n<table>\n<tbody>\n<tr>\n<td colspan=\"2\" width=\"321\"><strong>Electrical connection<\/strong><\/td>\n<\/tr>\n<tr>\n<td width=\"170\"><strong>Excitation voltage (+)<\/strong><\/td>\n<td width=\"151\">Red<\/td>\n<\/tr>\n<tr>\n<td width=\"170\"><strong>Excitation voltage (-)<\/strong><\/td>\n<td width=\"151\">Black<\/td>\n<\/tr>\n<tr>\n<td width=\"170\"><strong>Signal (+)<\/strong><\/td>\n<td width=\"151\">Green<\/td>\n<\/tr>\n<tr>\n<td width=\"170\"><strong>Signal (-)<\/strong><\/td>\n<td width=\"151\">White<\/td>\n<\/tr>\n<tr>\n<td width=\"170\"><strong>Shield<\/strong><\/td>\n<td width=\"151\">Shield<\/td>\n<\/tr>\n<\/tbody>\n<\/table>\n<p><img decoding=\"async\" class=\"alignnone  wp-image-289584\" src=\"https:\/\/casscale.net\/wp-content\/uploads\/2026\/02\/F1811_2.png\" alt=\"\" width=\"385\" height=\"150\" srcset=\"https:\/\/casscale.net\/wp-content\/uploads\/2026\/02\/F1811_2.png 751w, https:\/\/casscale.net\/wp-content\/uploads\/2026\/02\/F1811_2-600x233.png 600w, https:\/\/casscale.net\/wp-content\/uploads\/2026\/02\/F1811_2-64x25.png 64w\" sizes=\"(max-width: 385px) 100vw, 385px\" \/><\/p>\n<\/div>\n","protected":false},"excerpt":{"rendered":"<section>\n<section>\n<section>\n<section>\n<section>\n<section>\n<section>\n<h6>Applications<\/h6>\n<ul>\n<li>Equipment manufacturing, production lines<\/li>\n<li>Measuring and control systems<\/li>\n<li>Automation industry<\/li>\n<li>Materials testing machinery<\/li>\n<li>Tooling manufacture<\/li>\n<\/ul>\n<\/section>\n<section>\n<h6>Special features<\/h6>\n<ul>\n<li>Measuring ranges 0 &#8230; 50 N to 0 &#8230; 5 kN<\/li>\n<li>Relative linearity error 0.5 % F<sub>nom<\/sub><\/li>\n<li>Material: Stainless steel<\/li>\n<li>Low installation height, easy to install<\/li>\n<li>Ingress protection IP65<\/li>\n<\/ul>\n<\/section>\n<\/section>\n<\/section>\n<\/section>\n<\/section>\n<\/section>\n<\/section>\n","protected":false},"featured_media":289595,"comment_status":"open","ping_status":"closed","template":"","meta":{"_acf_changed":false},"product_brand":[5506],"product_cat":[3448],"product_tag":[5037,5508],"class_list":{"0":"post-289598","1":"product","2":"type-product","3":"status-publish","4":"has-post-thumbnail","6":"product_brand-wika","7":"product_cat-force-sensor","8":"product_tag-compression-en","9":"product_tag--en","11":"first","12":"instock","13":"taxable","14":"shipping-taxable","15":"product-type-simple"},"acf":[],"aioseo_notices":[],"_links":{"self":[{"href":"https:\/\/casscale.net\/en\/wp-json\/wp\/v2\/product\/289598","targetHints":{"allow":["GET"]}}],"collection":[{"href":"https:\/\/casscale.net\/en\/wp-json\/wp\/v2\/product"}],"about":[{"href":"https:\/\/casscale.net\/en\/wp-json\/wp\/v2\/types\/product"}],"replies":[{"embeddable":true,"href":"https:\/\/casscale.net\/en\/wp-json\/wp\/v2\/comments?post=289598"}],"wp:featuredmedia":[{"embeddable":true,"href":"https:\/\/casscale.net\/en\/wp-json\/wp\/v2\/media\/289595"}],"wp:attachment":[{"href":"https:\/\/casscale.net\/en\/wp-json\/wp\/v2\/media?parent=289598"}],"wp:term":[{"taxonomy":"product_brand","embeddable":true,"href":"https:\/\/casscale.net\/en\/wp-json\/wp\/v2\/product_brand?post=289598"},{"taxonomy":"product_cat","embeddable":true,"href":"https:\/\/casscale.net\/en\/wp-json\/wp\/v2\/product_cat?post=289598"},{"taxonomy":"product_tag","embeddable":true,"href":"https:\/\/casscale.net\/en\/wp-json\/wp\/v2\/product_tag?post=289598"}],"curies":[{"name":"wp","href":"https:\/\/api.w.org\/{rel}","templated":true}]}}