{"id":289607,"date":"2026-02-24T14:29:20","date_gmt":"2026-02-24T05:29:20","guid":{"rendered":"https:\/\/casscale.net\/product\/sample-product\/wika-model-f1821-compression-force-transducer\/"},"modified":"2026-02-24T14:29:20","modified_gmt":"2026-02-24T05:29:20","slug":"wika-model-f1821-compression-force-transducer","status":"publish","type":"product","link":"https:\/\/casscale.net\/en\/product\/sample-product\/wika-model-f1821-compression-force-transducer\/","title":{"rendered":"WIKA \/ Model F1821 Compression force transducer"},"content":{"rendered":"<div class=\"column is-half\">\n<h4>Model F1821 Compression force transducer<\/h4>\n<p>Standard version to 100 kN<\/p>\n<div class=\"column is-half\">\n<p>The model F1821 compression force transducer is suitable for harsh environmental conditions and available in measuring ranges to 100 kN. Its compactness enables a universal and reliable use in industry and laboratories.<\/p>\n<\/div>\n<div class=\"column is-half\">\n<p>This force transducer is easy to handle and its small dimensions predestine it particularly for use in narrow structures with limited space in which compression forces must be measured.<\/p>\n<p><strong>Specifications per VDI\/VDE\/DKD 2638<\/strong><\/p>\n<table>\n<tbody>\n<tr>\n<td colspan=\"9\" width=\"661\">Model F1821<\/td>\n<\/tr>\n<tr>\n<td rowspan=\"2\" width=\"166\">Rated force Fnom\u00a0kN<\/td>\n<td width=\"59\">0.2<\/td>\n<td width=\"59\">0.3<\/td>\n<td width=\"59\">0.5<\/td>\n<td width=\"59\">1<\/td>\n<td width=\"64\">1.5<\/td>\n<td width=\"64\">2<\/td>\n<td width=\"64\">3<\/td>\n<td width=\"68\">5<\/td>\n<\/tr>\n<tr>\n<td width=\"59\">10<\/td>\n<td width=\"59\">15<\/td>\n<td width=\"59\">20<\/td>\n<td width=\"59\">30<\/td>\n<td width=\"64\">50<\/td>\n<td width=\"64\">60<\/td>\n<td width=\"64\">75<\/td>\n<td width=\"68\">100<\/td>\n<\/tr>\n<tr>\n<td rowspan=\"2\" width=\"166\">Rated force Fnom\u00a0lbf<\/td>\n<td width=\"59\">45<\/td>\n<td width=\"59\">67.44<\/td>\n<td width=\"59\">112<\/td>\n<td width=\"59\">225<\/td>\n<td width=\"64\">337<\/td>\n<td width=\"64\">450<\/td>\n<td width=\"64\">674<\/td>\n<td width=\"68\">1,124<\/td>\n<\/tr>\n<tr>\n<td width=\"59\">2,250<\/td>\n<td width=\"59\">3,372<\/td>\n<td width=\"59\">4,500<\/td>\n<td width=\"59\">6,744<\/td>\n<td width=\"64\">11,240<\/td>\n<td width=\"64\">13,500<\/td>\n<td width=\"64\">16,881<\/td>\n<td width=\"68\">22,250<\/td>\n<\/tr>\n<tr>\n<td width=\"166\">Relative linearity error dlin<\/td>\n<td colspan=\"8\" width=\"495\">0.5 % Fnom<\/td>\n<\/tr>\n<tr>\n<td width=\"166\">Relative reversibility error v<\/td>\n<td colspan=\"8\" width=\"495\">0.5 % Fnom<\/td>\n<\/tr>\n<tr>\n<td width=\"166\">Relative span in unchanged mounting situation brg<\/td>\n<td colspan=\"8\" width=\"495\">0.1 % Fnom<\/td>\n<\/tr>\n<tr>\n<td width=\"166\">Relative deviation of zero signal dS,\u00a00<\/td>\n<td colspan=\"8\" width=\"495\">\u00b13 % Fnom<\/td>\n<\/tr>\n<tr>\n<td width=\"166\">Temperature effect on the zero signal TK0<\/td>\n<td colspan=\"8\" width=\"495\">0.05 % Fnom\/10 K<\/td>\n<\/tr>\n<tr>\n<td width=\"166\">Temperature effect on the characteristic value TKC<\/td>\n<td colspan=\"8\" width=\"495\">0.05 % Fnom\/10 K<\/td>\n<\/tr>\n<tr>\n<td width=\"166\">Limit force FL<\/td>\n<td colspan=\"8\" width=\"495\">150 % Fnom<\/td>\n<\/tr>\n<tr>\n<td width=\"166\">Breaking force FB<\/td>\n<td colspan=\"8\" width=\"495\">200 % Fnom<\/td>\n<\/tr>\n<tr>\n<td width=\"166\">Material of the measuring body<\/td>\n<td colspan=\"8\" width=\"495\">Stainless steel<\/td>\n<\/tr>\n<tr>\n<td width=\"166\">Rated temperature range BT,\u00a0nom<\/td>\n<td colspan=\"8\" width=\"495\">-10 \u2026 +40 \u00b0C [-50 \u2026 +104 \u00b0F]<\/td>\n<\/tr>\n<tr>\n<td width=\"166\">Service temperature range BT, G<\/td>\n<td colspan=\"8\" width=\"495\">-20 \u2026 +80 \u00b0C [-68 \u2026 +176 \u00b0F]<\/td>\n<\/tr>\n<tr>\n<td width=\"166\">Input resistance Re<\/td>\n<td colspan=\"8\" width=\"495\">385 \u00b110 \u03a9<\/td>\n<\/tr>\n<tr>\n<td width=\"166\">Output resistance Ra<\/td>\n<td colspan=\"8\" width=\"495\">350 \u00b15 \u03a9<\/td>\n<\/tr>\n<tr>\n<td width=\"166\">Insulation resistance Ris<\/td>\n<td colspan=\"8\" width=\"495\">\u2265 5,000 M\u03a9\/DC 100 V<\/td>\n<\/tr>\n<tr>\n<td width=\"166\">Output signal (rated characteristic value) Cnom<\/td>\n<td colspan=\"8\" width=\"495\">1.5 \u00b10.15 mV\/V<\/td>\n<\/tr>\n<tr>\n<td width=\"166\">Electrical connection<\/td>\n<td colspan=\"8\" width=\"495\">Cable \u00d8 4 \u00d7 3,000 mm [\u00d8 0.2 in \u00d7 118 in]<\/td>\n<\/tr>\n<tr>\n<td width=\"166\">Voltage supply<\/td>\n<td colspan=\"8\" width=\"495\">DC 5 &#8230; 10 V (max. 15 V)<\/td>\n<\/tr>\n<tr>\n<td width=\"166\">Ingress protection (per IEC\/EN 60529)<\/td>\n<td colspan=\"8\" width=\"495\">IP66<\/td>\n<\/tr>\n<tr>\n<td width=\"166\">Weight<\/td>\n<td colspan=\"8\" width=\"495\">0.4 kg [0.88 lbs]<\/td>\n<\/tr>\n<\/tbody>\n<\/table>\n<\/div>\n<p><strong>Dimensions in mm [in]<\/strong><\/p>\n<p><img fetchpriority=\"high\" decoding=\"async\" class=\"alignnone size-full wp-image-289604\" src=\"https:\/\/casscale.net\/wp-content\/uploads\/2026\/02\/ds_fo5159_en_co.png\" alt=\"\" width=\"1015\" height=\"895\" srcset=\"https:\/\/casscale.net\/wp-content\/uploads\/2026\/02\/ds_fo5159_en_co.png 1015w, https:\/\/casscale.net\/wp-content\/uploads\/2026\/02\/ds_fo5159_en_co-454x400.png 454w, https:\/\/casscale.net\/wp-content\/uploads\/2026\/02\/ds_fo5159_en_co-907x800.png 907w, https:\/\/casscale.net\/wp-content\/uploads\/2026\/02\/ds_fo5159_en_co-768x677.png 768w, https:\/\/casscale.net\/wp-content\/uploads\/2026\/02\/ds_fo5159_en_co-600x529.png 600w, https:\/\/casscale.net\/wp-content\/uploads\/2026\/02\/ds_fo5159_en_co-64x56.png 64w\" sizes=\"(max-width: 1015px) 100vw, 1015px\" \/><\/p>\n<table>\n<tbody>\n<tr>\n<td rowspan=\"2\" width=\"246\">Rated force in kN [lbf]<\/td>\n<td colspan=\"10\" width=\"416\">Dimensions in mm [in]<\/td>\n<\/tr>\n<tr>\n<td width=\"42\">\u00d8A<\/td>\n<td width=\"42\">\u00d8B<\/td>\n<td width=\"42\">\u00d8C<\/td>\n<td width=\"42\">SR D<\/td>\n<td width=\"42\">E<\/td>\n<td width=\"42\">F<\/td>\n<td width=\"42\">G<\/td>\n<td width=\"42\">H<\/td>\n<td width=\"44\">L<\/td>\n<td width=\"39\">M<\/td>\n<\/tr>\n<tr>\n<td width=\"246\">0.2 [45] \/ 0.3 [67.44] \/ 0.5 [112] \/ 1 [225] \/ 1.5 [337] \/ 2 [450] \/ 3 [674] \/ 5 [1,124] \/ 10 [2,250] \/ 15 [3,372] \/ 20 [4,500]<\/td>\n<td width=\"42\">42 [1.65]<\/td>\n<td width=\"42\">50 [1.97]<\/td>\n<td width=\"42\">13 [0.51]<\/td>\n<td width=\"42\">50 [1.97]<\/td>\n<td width=\"42\">25 [0.98]<\/td>\n<td width=\"42\">21 [0.83]<\/td>\n<td width=\"42\">8 [0.32]<\/td>\n<td width=\"42\">12.5 [0.49]<\/td>\n<td width=\"44\">3,000 [118]<\/td>\n<td width=\"39\">M5<\/td>\n<\/tr>\n<tr>\n<td width=\"246\">30 [6,744] \/ 50 [11,240]<\/td>\n<td width=\"42\">42 [1.65]<\/td>\n<td width=\"42\">50 [1.97]<\/td>\n<td width=\"42\">16 [0.63]<\/td>\n<td width=\"42\">50 [1.97]<\/td>\n<td width=\"42\">25 [0.98]<\/td>\n<td width=\"42\">21 [0.83]<\/td>\n<td width=\"42\">8 [0.32]<\/td>\n<td width=\"42\">12.5 [0.49]<\/td>\n<td width=\"44\">3,000 [118]<\/td>\n<td width=\"39\">M5<\/td>\n<\/tr>\n<tr>\n<td width=\"246\">60 [13,500] \/ 75 [16,861] \/ 100 [22,500]<\/td>\n<td width=\"42\">42 [1.65]<\/td>\n<td width=\"42\">50 [1.97]<\/td>\n<td width=\"42\">21 [0.83]<\/td>\n<td width=\"42\">50 [1.97]<\/td>\n<td width=\"42\">25 [0.98]<\/td>\n<td width=\"42\">21 [0.83]<\/td>\n<td width=\"42\">8 [0.32]<\/td>\n<td width=\"42\">12.5 [0.49]<\/td>\n<td width=\"44\">3,000 [118]<\/td>\n<td width=\"39\">M5<\/td>\n<\/tr>\n<\/tbody>\n<\/table>\n<p><strong>Pin assignment<\/strong><\/p>\n<table>\n<tbody>\n<tr>\n<td colspan=\"2\" width=\"321\">Electrical connection<\/td>\n<\/tr>\n<tr>\n<td width=\"161\">Excitation voltage (+)<\/td>\n<td width=\"161\">Red<\/td>\n<\/tr>\n<tr>\n<td width=\"161\">Excitation voltage (-)<\/td>\n<td width=\"161\">Black<\/td>\n<\/tr>\n<tr>\n<td width=\"161\">Signal (+)<\/td>\n<td width=\"161\">Green<\/td>\n<\/tr>\n<tr>\n<td width=\"161\">Signal (-)<\/td>\n<td width=\"161\">White<\/td>\n<\/tr>\n<tr>\n<td width=\"161\">Shield<\/td>\n<td width=\"161\">Shield<\/td>\n<\/tr>\n<\/tbody>\n<\/table>\n<p><img decoding=\"async\" class=\"alignnone  wp-image-289584\" src=\"https:\/\/casscale.net\/wp-content\/uploads\/2026\/02\/F1811_2.png\" alt=\"\" width=\"362\" height=\"141\" srcset=\"https:\/\/casscale.net\/wp-content\/uploads\/2026\/02\/F1811_2.png 751w, https:\/\/casscale.net\/wp-content\/uploads\/2026\/02\/F1811_2-600x233.png 600w, https:\/\/casscale.net\/wp-content\/uploads\/2026\/02\/F1811_2-64x25.png 64w\" sizes=\"(max-width: 362px) 100vw, 362px\" \/><\/p>\n<\/div>\n","protected":false},"excerpt":{"rendered":"<section>\n<section>\n<section>\n<section>\n<section>\n<section>\n<section>\n<section>\n<h6>Applications<\/h6>\n<ul>\n<li>Equipment manufacturing<\/li>\n<li>Production lines<\/li>\n<li>Measuring and control systems<\/li>\n<li>Automation industry<\/li>\n<li>Laboratory<\/li>\n<\/ul>\n<\/section>\n<section>\n<h6>Special features<\/h6>\n<ul>\n<li>Measuring ranges 0 &#8230; 200 N to 0 &#8230; 100 kN<\/li>\n<li>Relative linearity error 0.5 % F<sub>nom<\/sub><\/li>\n<li>Stainless steel version<\/li>\n<li>Low installation height, easy to install<\/li>\n<li>Ingress protection IP66<\/li>\n<\/ul>\n<\/section>\n<\/section>\n<\/section>\n<\/section>\n<\/section>\n<\/section>\n<\/section>\n<\/section>\n","protected":false},"featured_media":289601,"comment_status":"open","ping_status":"closed","template":"","meta":{"_acf_changed":false},"product_brand":[5506],"product_cat":[3448],"product_tag":[5037,5508],"class_list":{"0":"post-289607","1":"product","2":"type-product","3":"status-publish","4":"has-post-thumbnail","6":"product_brand-wika","7":"product_cat-force-sensor","8":"product_tag-compression-en","9":"product_tag--en","11":"first","12":"instock","13":"taxable","14":"shipping-taxable","15":"product-type-simple"},"acf":[],"aioseo_notices":[],"_links":{"self":[{"href":"https:\/\/casscale.net\/en\/wp-json\/wp\/v2\/product\/289607","targetHints":{"allow":["GET"]}}],"collection":[{"href":"https:\/\/casscale.net\/en\/wp-json\/wp\/v2\/product"}],"about":[{"href":"https:\/\/casscale.net\/en\/wp-json\/wp\/v2\/types\/product"}],"replies":[{"embeddable":true,"href":"https:\/\/casscale.net\/en\/wp-json\/wp\/v2\/comments?post=289607"}],"wp:featuredmedia":[{"embeddable":true,"href":"https:\/\/casscale.net\/en\/wp-json\/wp\/v2\/media\/289601"}],"wp:attachment":[{"href":"https:\/\/casscale.net\/en\/wp-json\/wp\/v2\/media?parent=289607"}],"wp:term":[{"taxonomy":"product_brand","embeddable":true,"href":"https:\/\/casscale.net\/en\/wp-json\/wp\/v2\/product_brand?post=289607"},{"taxonomy":"product_cat","embeddable":true,"href":"https:\/\/casscale.net\/en\/wp-json\/wp\/v2\/product_cat?post=289607"},{"taxonomy":"product_tag","embeddable":true,"href":"https:\/\/casscale.net\/en\/wp-json\/wp\/v2\/product_tag?post=289607"}],"curies":[{"name":"wp","href":"https:\/\/api.w.org\/{rel}","templated":true}]}}